{"id":8256,"date":"2023-04-12T12:54:46","date_gmt":"2023-04-12T12:54:46","guid":{"rendered":"https:\/\/auctionafrique.co.uk\/product\/tapis-marocain-tapis-beni-ouarain-2\/"},"modified":"2025-12-02T21:53:59","modified_gmt":"2025-12-02T21:53:59","slug":"tapis-marocain-tapis-beni-ouarain-2","status":"publish","type":"product","link":"https:\/\/auctionafrique.co.uk\/ar\/product\/tapis-marocain-tapis-beni-ouarain-2\/","title":{"rendered":"Tapis Marocain, Tapis Beni Ouarain"},"content":{"rendered":"<p>Ce tapis Beni ourain est pr\u00e9par\u00e9 avec de la laine authentique de la plus haute qualit\u00e9 qui am\u00e9liore l\u2019aspect g\u00e9n\u00e9ral et la beaut\u00e9 du produit. Il peut \u00eatre ajust\u00e9 au bureau pour am\u00e9liorer l\u2019apparence et l\u2019\u00e9l\u00e9gance du lieu. Le tapis berb\u00e8re est le type de tapis marocain qui \u00e9tait utilis\u00e9 par les membres de la famille royale dans le pass\u00e9 en raison de sa beaut\u00e9 et de son \u00e9l\u00e9gance. La douceur du tapis est similaire aux nuages et c\u2019est une pi\u00e8ce vintage que vous pouvez ajuster dans n\u2019importe quelle partie de votre pi\u00e8ce ou seulement \u00e9taler lors d\u2019\u00e9v\u00e9nements et d\u2019occasions sp\u00e9ciales.<\/p>\n<p>\ud83d\udd38DIMENSIONS :169 cm x 245 cm = 5,5 pi x 8 pi<\/p>\n<p>\u2611\ufe0fNom du produit: Beni ourain carpet<br \/>\n\u2611\ufe0fMat\u00e9riau du produit: \ud83d\udcaflaine \ud83d\udc11 de haute qualit\u00e9<br \/>\n\u2611\ufe0fForme: Rectangle<br \/>\n\u2611\ufe0f Type de produit: Fait \u00e0 la main<br \/>\n\u2611\ufe0f Objectif : D\u00e9coration int\u00e9rieure ou Couvrir le sol<\/p>","protected":false},"excerpt":{"rendered":"<p>\u0625\u0630\u0627 \u0637\u0644\u0628\u062a \u0627\u0644\u064a\u0648\u0645\u060c \u0641\u0625\u0644\u064a\u0643 \u062a\u0627\u0631\u064a\u062e \u0627\u0644\u062a\u0633\u0644\u064a\u0645 \u0627\u0644\u0645\u062a\u0648\u0642\u0639: \u0645\u0646 15 \u0625\u0644\u0649 20 \u064a\u0648\u0645\u064b\u0627.<\/p>","protected":false},"featured_media":8253,"comment_status":"open","ping_status":"closed","template":"","meta":{"googlesitekit_rrm_CAow1p3FDA:productID":"","jetpack_publicize_message":"","jetpack_publicize_feature_enabled":true,"jetpack_social_post_already_shared":false,"jetpack_social_options":{"image_generator_settings":{"template":"highway","default_image_id":0,"font":"","enabled":false},"version":2}},"product_brand":[],"product_cat":[78],"product_tag":[],"class_list":{"0":"post-8256","1":"product","2":"type-product","3":"status-publish","4":"has-post-thumbnail","6":"product_cat-tapis","8":"first","9":"instock","10":"shipping-taxable","11":"purchasable","12":"product-type-simple"},"jetpack_publicize_connections":[],"jetpack_sharing_enabled":true,"_links":{"self":[{"href":"https:\/\/auctionafrique.co.uk\/ar\/wp-json\/wp\/v2\/product\/8256","targetHints":{"allow":["GET"]}}],"collection":[{"href":"https:\/\/auctionafrique.co.uk\/ar\/wp-json\/wp\/v2\/product"}],"about":[{"href":"https:\/\/auctionafrique.co.uk\/ar\/wp-json\/wp\/v2\/types\/product"}],"replies":[{"embeddable":true,"href":"https:\/\/auctionafrique.co.uk\/ar\/wp-json\/wp\/v2\/comments?post=8256"}],"version-history":[{"count":1,"href":"https:\/\/auctionafrique.co.uk\/ar\/wp-json\/wp\/v2\/product\/8256\/revisions"}],"predecessor-version":[{"id":9077,"href":"https:\/\/auctionafrique.co.uk\/ar\/wp-json\/wp\/v2\/product\/8256\/revisions\/9077"}],"wp:featuredmedia":[{"embeddable":true,"href":"https:\/\/auctionafrique.co.uk\/ar\/wp-json\/wp\/v2\/media\/8253"}],"wp:attachment":[{"href":"https:\/\/auctionafrique.co.uk\/ar\/wp-json\/wp\/v2\/media?parent=8256"}],"wp:term":[{"taxonomy":"product_brand","embeddable":true,"href":"https:\/\/auctionafrique.co.uk\/ar\/wp-json\/wp\/v2\/product_brand?post=8256"},{"taxonomy":"product_cat","embeddable":true,"href":"https:\/\/auctionafrique.co.uk\/ar\/wp-json\/wp\/v2\/product_cat?post=8256"},{"taxonomy":"product_tag","embeddable":true,"href":"https:\/\/auctionafrique.co.uk\/ar\/wp-json\/wp\/v2\/product_tag?post=8256"}],"curies":[{"name":"wp","href":"https:\/\/api.w.org\/{rel}","templated":true}]}}