{"id":8252,"date":"2023-04-12T12:44:04","date_gmt":"2023-04-12T12:44:04","guid":{"rendered":"https:\/\/auctionafrique.co.uk\/product\/tapis-beni-ourain-collection-2023-fait-main-100-maocaine-2\/"},"modified":"2023-04-13T11:22:15","modified_gmt":"2023-04-13T11:22:15","slug":"tapis-beni-ourain-collection-2023-fait-main-100-maocaine-2","status":"publish","type":"product","link":"https:\/\/auctionafrique.co.uk\/ar\/product\/tapis-beni-ourain-collection-2023-fait-main-100-maocaine-2\/","title":{"rendered":"Tapis Beni Ourain collection 2023 fait-main 100% maocaine"},"content":{"rendered":"<p>Ce tapis MAROCAIN est originaire de la tribu Beni Ouarain. Les tapis<br \/>marocains Beni Ourain sont tiss\u00e9s \u00e0 partir de laine naturelle non teinte<br \/>et d\u00e9cor\u00e9s traditionnellement de motifs g\u00e9om\u00e9triques. Ces magnifiques<br \/>tapis marocains ont la capacit\u00e9 fascinante de relier la longue histoire<br \/>des tribus berb\u00e8res nomades aux int\u00e9rieurs modernes. Le c\u00e9l\u00e8bre tapis<br \/>Beni Ouarain fait la couverture des plus grands magazines de d\u00e9coration<br \/>d\u2019int\u00e9rieur au monde. Ce tapis marocain de caract\u00e8re se marie<br \/>parfaitement avec tous les styles d\u2019int\u00e9rieur, Boho, Moderne,<br \/>Minimaliste, Scandinave, Traditionnel&#8230; Notre tapis marocain apportera<br \/>de la chaleur \u00e0 une chambre minimaliste et design tandis que dans un<br \/>d\u00e9cor plus traditionnel, il introduit une dose de modernit\u00e9 pop. C\u2019est<br \/>d\u00e9finitivement le petit quelque chose qui humanise une atmosph\u00e8re brute<br \/>ou harmonise un int\u00e9rieur contemporain.<\/p>","protected":false},"excerpt":{"rendered":"<p>\u0625\u0630\u0627 \u0637\u0644\u0628\u062a \u0627\u0644\u064a\u0648\u0645\u060c \u0641\u0625\u0644\u064a\u0643 \u062a\u0627\u0631\u064a\u062e \u0627\u0644\u062a\u0633\u0644\u064a\u0645 \u0627\u0644\u0645\u062a\u0648\u0642\u0639: \u0645\u0646 15 \u0625\u0644\u0649 20 \u064a\u0648\u0645\u064b\u0627.<\/p>","protected":false},"featured_media":8248,"comment_status":"open","ping_status":"closed","template":"","meta":{"googlesitekit_rrm_CAow1p3FDA:productID":"","jetpack_publicize_message":"","jetpack_publicize_feature_enabled":true,"jetpack_social_post_already_shared":false,"jetpack_social_options":{"image_generator_settings":{"template":"highway","default_image_id":0,"font":"","enabled":false},"version":2}},"product_brand":[],"product_cat":[78],"product_tag":[],"class_list":{"0":"post-8252","1":"product","2":"type-product","3":"status-publish","4":"has-post-thumbnail","6":"product_cat-tapis","8":"first","9":"instock","10":"shipping-taxable","11":"purchasable","12":"product-type-simple"},"jetpack_publicize_connections":[],"jetpack_sharing_enabled":true,"_links":{"self":[{"href":"https:\/\/auctionafrique.co.uk\/ar\/wp-json\/wp\/v2\/product\/8252","targetHints":{"allow":["GET"]}}],"collection":[{"href":"https:\/\/auctionafrique.co.uk\/ar\/wp-json\/wp\/v2\/product"}],"about":[{"href":"https:\/\/auctionafrique.co.uk\/ar\/wp-json\/wp\/v2\/types\/product"}],"replies":[{"embeddable":true,"href":"https:\/\/auctionafrique.co.uk\/ar\/wp-json\/wp\/v2\/comments?post=8252"}],"version-history":[{"count":0,"href":"https:\/\/auctionafrique.co.uk\/ar\/wp-json\/wp\/v2\/product\/8252\/revisions"}],"wp:featuredmedia":[{"embeddable":true,"href":"https:\/\/auctionafrique.co.uk\/ar\/wp-json\/wp\/v2\/media\/8248"}],"wp:attachment":[{"href":"https:\/\/auctionafrique.co.uk\/ar\/wp-json\/wp\/v2\/media?parent=8252"}],"wp:term":[{"taxonomy":"product_brand","embeddable":true,"href":"https:\/\/auctionafrique.co.uk\/ar\/wp-json\/wp\/v2\/product_brand?post=8252"},{"taxonomy":"product_cat","embeddable":true,"href":"https:\/\/auctionafrique.co.uk\/ar\/wp-json\/wp\/v2\/product_cat?post=8252"},{"taxonomy":"product_tag","embeddable":true,"href":"https:\/\/auctionafrique.co.uk\/ar\/wp-json\/wp\/v2\/product_tag?post=8252"}],"curies":[{"name":"wp","href":"https:\/\/api.w.org\/{rel}","templated":true}]}}