{"id":8056,"date":"2023-04-04T03:42:08","date_gmt":"2023-04-04T03:42:08","guid":{"rendered":"https:\/\/auctionafrique.co.uk\/?post_type=product&#038;p=8056"},"modified":"2023-04-04T03:42:08","modified_gmt":"2023-04-04T03:42:08","slug":"traditinnel-djellaba-pour-homme","status":"publish","type":"product","link":"https:\/\/auctionafrique.co.uk\/ar\/product\/traditinnel-djellaba-pour-homme\/","title":{"rendered":"Traditinnel djellaba pour homme"},"content":{"rendered":"<p>Belle djellaba marocaine Rouge pour homme. Ce v\u00eatement oriental<br \/>\ntraditionnel est r\u00e9alis\u00e9e dans un tissu agr\u00e9able et sera tr\u00e8s plaisant \u00e0<br \/>\n porter partout au quotidien, \u00e0 l&rsquo;int\u00e9rieur comme \u00e0 l&rsquo;ext\u00e9rieur.<\/p>\n<p>\u00a0ce<br \/>\nv\u00eatement marocain est un vrai plus \u00e0 avoir tant son confort mais aussi<br \/>\nson \u00e9l\u00e9gance le caract\u00e9risent. <\/p>\n<p>Ce caftan boh\u00e8me de taille unique et standard s&rsquo;adaptera \u00e0 toutes les morphologies. <\/p>\n<p>Tissu en coton <br \/>Couleur\u00a0: blanc<br \/>Taille unique standard <br \/>Lavage en machine (de pr\u00e9f\u00e9rence \u00e0 froid)<\/p>\n<p>Made In Morocco<br data-mce-bogus=\"1\"><\/p>","protected":false},"excerpt":{"rendered":"<p>\u0625\u0630\u0627 \u0637\u0644\u0628\u062a \u0627\u0644\u064a\u0648\u0645\u060c \u0641\u0625\u0644\u064a\u0643 \u062a\u0627\u0631\u064a\u062e \u0627\u0644\u062a\u0633\u0644\u064a\u0645 \u0627\u0644\u0645\u062a\u0648\u0642\u0639: \u0645\u0646 15 \u0625\u0644\u0649 20 \u064a\u0648\u0645\u064b\u0627.<br data-mce-bogus=\"1\"><\/p>","protected":false},"featured_media":8057,"comment_status":"open","ping_status":"closed","template":"","meta":{"googlesitekit_rrm_CAow1p3FDA:productID":"","jetpack_publicize_message":"","jetpack_publicize_feature_enabled":true,"jetpack_social_post_already_shared":false,"jetpack_social_options":{"image_generator_settings":{"template":"highway","default_image_id":0,"font":"","enabled":false},"version":2}},"product_brand":[],"product_cat":[73],"product_tag":[],"class_list":{"0":"post-8056","1":"product","2":"type-product","3":"status-publish","4":"has-post-thumbnail","6":"product_cat-collection-homme","8":"first","9":"instock","10":"shipping-taxable","11":"purchasable","12":"product-type-simple"},"jetpack_publicize_connections":[],"jetpack_sharing_enabled":true,"_links":{"self":[{"href":"https:\/\/auctionafrique.co.uk\/ar\/wp-json\/wp\/v2\/product\/8056","targetHints":{"allow":["GET"]}}],"collection":[{"href":"https:\/\/auctionafrique.co.uk\/ar\/wp-json\/wp\/v2\/product"}],"about":[{"href":"https:\/\/auctionafrique.co.uk\/ar\/wp-json\/wp\/v2\/types\/product"}],"replies":[{"embeddable":true,"href":"https:\/\/auctionafrique.co.uk\/ar\/wp-json\/wp\/v2\/comments?post=8056"}],"version-history":[{"count":0,"href":"https:\/\/auctionafrique.co.uk\/ar\/wp-json\/wp\/v2\/product\/8056\/revisions"}],"wp:featuredmedia":[{"embeddable":true,"href":"https:\/\/auctionafrique.co.uk\/ar\/wp-json\/wp\/v2\/media\/8057"}],"wp:attachment":[{"href":"https:\/\/auctionafrique.co.uk\/ar\/wp-json\/wp\/v2\/media?parent=8056"}],"wp:term":[{"taxonomy":"product_brand","embeddable":true,"href":"https:\/\/auctionafrique.co.uk\/ar\/wp-json\/wp\/v2\/product_brand?post=8056"},{"taxonomy":"product_cat","embeddable":true,"href":"https:\/\/auctionafrique.co.uk\/ar\/wp-json\/wp\/v2\/product_cat?post=8056"},{"taxonomy":"product_tag","embeddable":true,"href":"https:\/\/auctionafrique.co.uk\/ar\/wp-json\/wp\/v2\/product_tag?post=8056"}],"curies":[{"name":"wp","href":"https:\/\/api.w.org\/{rel}","templated":true}]}}