{"id":8025,"date":"2023-04-04T01:25:17","date_gmt":"2023-04-04T01:25:17","guid":{"rendered":"https:\/\/auctionafrique.co.uk\/product\/tapis-beni-ourain-collection-2023-fait-main-100-maocaine\/"},"modified":"2023-04-04T15:35:39","modified_gmt":"2023-04-04T15:35:39","slug":"tapis-beni-ourain-collection-2023-fait-main-100-maocaine","status":"publish","type":"product","link":"https:\/\/auctionafrique.co.uk\/ar\/product\/tapis-beni-ourain-collection-2023-fait-main-100-maocaine\/","title":{"rendered":"Tapis Beni Ourain collection 2023 fait-main 100% maocaine"},"content":{"rendered":"<div id=\"tab-description\" class=\"entry-content woocommerce-Tabs-panel woocommerce-Tabs-panel--description wd-active panel wc-tab\" role=\"tabpanel\" aria-labelledby=\"tab-title-description\" data-accordion-index=\"description\">\n<div class=\"wc-tab-inner\">\n<p>Size : 1.5 m\/3m<\/p>\n<p>Les tapis Beni Ourain sont probablement les plus beaux tapis marocains<br \/>\nauthentiques. Ils sont fabriqu\u00e9s \u00e0 partir de laine de mouton 100%<br \/>\nnaturelle. Ces tapis marocains sont r\u00e9alis\u00e9s par des artisanes Artistes<br \/>\nBerb\u00e8res dont le savoir-faire s\u2019\u00e9tend sur des si\u00e8cles de g\u00e9n\u00e9ration en<br \/>\ng\u00e9n\u00e9ration. Ce magnifique tapis Beni ourain de caract\u00e8re se marie<br \/>\nparfaitement avec tous les styles d\u2019int\u00e9rieur : Boh\u00e8me, Moderne,<br \/>\nScandinave, Traditionnel\u2026 Si vous cherchez quelque chose de douillet<br \/>\npour vos pieds ou pour vous garder au chaud, ces magnifiques tapis sont<br \/>\nid\u00e9aux pour vous !<\/p>\n<p><span class=\"word menu-enabled\">TOUS<\/span>\u00a0<span class=\"word menu-enabled\">NOS<\/span>\u00a0<span class=\"word menu-enabled\">TAPIS<\/span>\u00a0<span class=\"word menu-enabled\">SONT<\/span>\u00a0<span class=\"word menu-enabled\">FAIT<\/span>\u00a0<span class=\"word menu-enabled\">SUR<\/span>\u00a0<span class=\"word menu-enabled\">MESURE<\/span>.\u00a0<span class=\"word menu-enabled\">TEMPS<\/span>\u00a0<span class=\"word menu-enabled\">DE<\/span>\u00a0<span class=\"word menu-enabled\">LIVRAISON<\/span>\u00a0+<span class=\"word menu-enabled\">\u2013<\/span>\u00a01\u00a0<span class=\"word menu-enabled\">mois<\/span><\/p>\n<\/div>\n<\/div>","protected":false},"excerpt":{"rendered":"<div class=\"woocommerce-product-details__short-description\">\n<p><strong><span class=\"word menu-enabled\" style=\"border-width: 0px; border-style: solid; --tw-shadow: 0 0 #0000; --tw-ring-inset: var(--tw-empty, ); --tw-ring-offset-width: 0px; --tw-ring-offset-color: #fff; --tw-ring-offset-shadow: 0 0 #0000; --tw-ring-shadow: 0 0 #0000; --tw-border-opacity: 1;\">TOUS<\/span>\u00a0<span class=\"word menu-enabled\" style=\"border-width: 0px; border-style: solid; --tw-shadow: 0 0 #0000; --tw-ring-inset: var(--tw-empty, ); --tw-ring-offset-width: 0px; --tw-ring-offset-color: #fff; --tw-ring-offset-shadow: 0 0 #0000; --tw-ring-shadow: 0 0 #0000; --tw-border-opacity: 1;\">NOS<\/span>\u00a0<span class=\"word menu-enabled\" style=\"border-width: 0px; border-style: solid; --tw-shadow: 0 0 #0000; --tw-ring-inset: var(--tw-empty, ); --tw-ring-offset-width: 0px; --tw-ring-offset-color: #fff; --tw-ring-offset-shadow: 0 0 #0000; --tw-ring-shadow: 0 0 #0000; --tw-border-opacity: 1;\">TAPIS<\/span>\u00a0<span class=\"word menu-enabled\" style=\"border-width: 0px; border-style: solid; --tw-shadow: 0 0 #0000; --tw-ring-inset: var(--tw-empty, ); --tw-ring-offset-width: 0px; --tw-ring-offset-color: #fff; --tw-ring-offset-shadow: 0 0 #0000; --tw-ring-shadow: 0 0 #0000; --tw-border-opacity: 1;\">SONT<\/span>\u00a0<span class=\"word menu-enabled\" style=\"border-width: 0px; border-style: solid; --tw-shadow: 0 0 #0000; --tw-ring-inset: var(--tw-empty, ); --tw-ring-offset-width: 0px; --tw-ring-offset-color: #fff; --tw-ring-offset-shadow: 0 0 #0000; --tw-ring-shadow: 0 0 #0000; --tw-border-opacity: 1;\">FAIT<\/span>\u00a0<span class=\"word menu-enabled\" style=\"border-width: 0px; border-style: solid; --tw-shadow: 0 0 #0000; --tw-ring-inset: var(--tw-empty, ); --tw-ring-offset-width: 0px; --tw-ring-offset-color: #fff; --tw-ring-offset-shadow: 0 0 #0000; --tw-ring-shadow: 0 0 #0000; --tw-border-opacity: 1;\">SUR<\/span>\u00a0<span class=\"word menu-enabled\" style=\"border-width: 0px; border-style: solid; --tw-shadow: 0 0 #0000; --tw-ring-inset: var(--tw-empty, ); --tw-ring-offset-width: 0px; --tw-ring-offset-color: #fff; --tw-ring-offset-shadow: 0 0 #0000; --tw-ring-shadow: 0 0 #0000; --tw-border-opacity: 1;\">MESURE<\/span>.\u00a0<span class=\"word menu-enabled\" style=\"border-width: 0px; border-style: solid; --tw-shadow: 0 0 #0000; --tw-ring-inset: var(--tw-empty, ); --tw-ring-offset-width: 0px; --tw-ring-offset-color: #fff; --tw-ring-offset-shadow: 0 0 #0000; --tw-ring-shadow: 0 0 #0000; --tw-border-opacity: 1;\">TEMPS<\/span>\u00a0<span class=\"word menu-enabled\" style=\"border-width: 0px; border-style: solid; --tw-shadow: 0 0 #0000; --tw-ring-inset: var(--tw-empty, ); --tw-ring-offset-width: 0px; --tw-ring-offset-color: #fff; --tw-ring-offset-shadow: 0 0 #0000; --tw-ring-shadow: 0 0 #0000; --tw-border-opacity: 1;\">DE<\/span>\u00a0<span class=\"word menu-enabled\" style=\"border-width: 0px; border-style: solid; --tw-shadow: 0 0 #0000; --tw-ring-inset: var(--tw-empty, ); --tw-ring-offset-width: 0px; --tw-ring-offset-color: #fff; --tw-ring-offset-shadow: 0 0 #0000; --tw-ring-shadow: 0 0 #0000; --tw-border-opacity: 1;\">LIVRAISON<\/span>\u00a0+<span class=\"word menu-enabled\" style=\"border-width: 0px; border-style: solid; --tw-shadow: 0 0 #0000; --tw-ring-inset: var(--tw-empty, ); --tw-ring-offset-width: 0px; --tw-ring-offset-color: #fff; --tw-ring-offset-shadow: 0 0 #0000; --tw-ring-shadow: 0 0 #0000; --tw-border-opacity: 1;\">\u2013<\/span>\u00a01\u00a0<span class=\"word menu-enabled\" style=\"border-width: 0px; border-style: solid; --tw-shadow: 0 0 #0000; --tw-ring-inset: var(--tw-empty, ); --tw-ring-offset-width: 0px; --tw-ring-offset-color: #fff; --tw-ring-offset-shadow: 0 0 #0000; --tw-ring-shadow: 0 0 #0000; --tw-border-opacity: 1;\">mois<\/span><\/strong><\/p>\n<\/div>","protected":false},"featured_media":8024,"comment_status":"open","ping_status":"closed","template":"","meta":{"googlesitekit_rrm_CAow1p3FDA:productID":"","jetpack_publicize_message":"","jetpack_publicize_feature_enabled":true,"jetpack_social_post_already_shared":false,"jetpack_social_options":{"image_generator_settings":{"template":"highway","default_image_id":0,"font":"","enabled":false},"version":2}},"product_brand":[],"product_cat":[78],"product_tag":[],"class_list":{"0":"post-8025","1":"product","2":"type-product","3":"status-publish","4":"has-post-thumbnail","6":"product_cat-tapis","8":"first","9":"instock","10":"shipping-taxable","11":"purchasable","12":"product-type-simple"},"jetpack_publicize_connections":[],"jetpack_sharing_enabled":true,"_links":{"self":[{"href":"https:\/\/auctionafrique.co.uk\/ar\/wp-json\/wp\/v2\/product\/8025","targetHints":{"allow":["GET"]}}],"collection":[{"href":"https:\/\/auctionafrique.co.uk\/ar\/wp-json\/wp\/v2\/product"}],"about":[{"href":"https:\/\/auctionafrique.co.uk\/ar\/wp-json\/wp\/v2\/types\/product"}],"replies":[{"embeddable":true,"href":"https:\/\/auctionafrique.co.uk\/ar\/wp-json\/wp\/v2\/comments?post=8025"}],"version-history":[{"count":0,"href":"https:\/\/auctionafrique.co.uk\/ar\/wp-json\/wp\/v2\/product\/8025\/revisions"}],"wp:featuredmedia":[{"embeddable":true,"href":"https:\/\/auctionafrique.co.uk\/ar\/wp-json\/wp\/v2\/media\/8024"}],"wp:attachment":[{"href":"https:\/\/auctionafrique.co.uk\/ar\/wp-json\/wp\/v2\/media?parent=8025"}],"wp:term":[{"taxonomy":"product_brand","embeddable":true,"href":"https:\/\/auctionafrique.co.uk\/ar\/wp-json\/wp\/v2\/product_brand?post=8025"},{"taxonomy":"product_cat","embeddable":true,"href":"https:\/\/auctionafrique.co.uk\/ar\/wp-json\/wp\/v2\/product_cat?post=8025"},{"taxonomy":"product_tag","embeddable":true,"href":"https:\/\/auctionafrique.co.uk\/ar\/wp-json\/wp\/v2\/product_tag?post=8025"}],"curies":[{"name":"wp","href":"https:\/\/api.w.org\/{rel}","templated":true}]}}