{"id":8011,"date":"2023-04-03T22:11:58","date_gmt":"2023-04-03T22:11:58","guid":{"rendered":"https:\/\/auctionafrique.co.uk\/?post_type=product&#038;p=8011"},"modified":"2025-11-01T16:56:23","modified_gmt":"2025-11-01T16:56:23","slug":"babouches-tafraout-femme-le-plus-pupulaire","status":"publish","type":"product","link":"https:\/\/auctionafrique.co.uk\/ar\/product\/babouches-tafraout-femme-le-plus-pupulaire\/","title":{"rendered":"\u0634\u0628\u0627\u0634\u0628 \u062a\u0627\u0641\u0631\u0627\u0648\u062a \u0627\u0644\u0646\u0633\u0627\u0626\u064a\u0629\u060c \u0627\u0644\u0623\u0643\u062b\u0631 \u0634\u0639\u0628\u064a\u0629"},"content":{"rendered":"<p>Ces babouches berebres sont parmi les mod\u00e8les les plus populaires gr\u00e2ce \u00e0<br \/>leur confort et leur robustesse. Elles sont parfaites comme chaussons<br \/>pour la maison ou pour sortir, et peuvent \u00eatre port\u00e9es tous les jours.<br \/>Fabriqu\u00e9es \u00e0 la main dans un petit atelier familial \u00e0 Marrakech et<br \/>Tafraoute, au Maroc, ces chaussons berb\u00e8res pour femmes sont con\u00e7us avec<br \/>une grande attention aux d\u00e9tails.<\/p>\n<p>Le mod\u00e8le de Tafraoute se<br \/>distingue particuli\u00e8rement par ses petits pompons color\u00e9s et ses<br \/>broderies d\u00e9licates. Les caract\u00e9ristiques comprennent :<\/p>\n<p>Semelle ext\u00e9rieure robuste (peut varier en couleur, noire, marron ou blanche, selon la mati\u00e8re premi\u00e8re disponible \u00e0 l&rsquo;\u00e9poque)<br \/>Semelle interm\u00e9diaire pour un confort suppl\u00e9mentaire<br \/>Sockliner en cuir<br \/>Tige et doublure en cuir brod\u00e9es et d\u00e9cor\u00e9es de glands et de pompons<br \/>Broderie fine faite \u00e0 la main<br \/>Onglet de talon haut pour un meilleur maintien<br \/>Ext\u00e9rieur en caoutchouc<\/p>","protected":false},"excerpt":{"rendered":"<p>\u0625\u0630\u0627 \u0637\u0644\u0628\u062a \u0627\u0644\u064a\u0648\u0645\u060c \u0641\u0625\u0644\u064a\u0643 \u062a\u0627\u0631\u064a\u062e \u0627\u0644\u062a\u0633\u0644\u064a\u0645 \u0627\u0644\u0645\u062a\u0648\u0642\u0639: \u0645\u0646 15 \u0625\u0644\u0649 20 \u064a\u0648\u0645\u064b\u0627.<\/p>","protected":false},"featured_media":8013,"comment_status":"open","ping_status":"closed","template":"","meta":{"googlesitekit_rrm_CAow1p3FDA:productID":"","jetpack_publicize_message":"","jetpack_publicize_feature_enabled":true,"jetpack_social_post_already_shared":false,"jetpack_social_options":{"image_generator_settings":{"template":"highway","default_image_id":0,"font":"","enabled":false},"version":2}},"product_brand":[],"product_cat":[83,74],"product_tag":[],"class_list":{"0":"post-8011","1":"product","2":"type-product","3":"status-publish","4":"has-post-thumbnail","6":"product_cat-babouches-et-sandales","7":"product_cat-collection-femme","9":"first","10":"instock","11":"shipping-taxable","12":"product-type-variable"},"jetpack_publicize_connections":[],"jetpack_sharing_enabled":true,"_links":{"self":[{"href":"https:\/\/auctionafrique.co.uk\/ar\/wp-json\/wp\/v2\/product\/8011","targetHints":{"allow":["GET"]}}],"collection":[{"href":"https:\/\/auctionafrique.co.uk\/ar\/wp-json\/wp\/v2\/product"}],"about":[{"href":"https:\/\/auctionafrique.co.uk\/ar\/wp-json\/wp\/v2\/types\/product"}],"replies":[{"embeddable":true,"href":"https:\/\/auctionafrique.co.uk\/ar\/wp-json\/wp\/v2\/comments?post=8011"}],"version-history":[{"count":0,"href":"https:\/\/auctionafrique.co.uk\/ar\/wp-json\/wp\/v2\/product\/8011\/revisions"}],"wp:featuredmedia":[{"embeddable":true,"href":"https:\/\/auctionafrique.co.uk\/ar\/wp-json\/wp\/v2\/media\/8013"}],"wp:attachment":[{"href":"https:\/\/auctionafrique.co.uk\/ar\/wp-json\/wp\/v2\/media?parent=8011"}],"wp:term":[{"taxonomy":"product_brand","embeddable":true,"href":"https:\/\/auctionafrique.co.uk\/ar\/wp-json\/wp\/v2\/product_brand?post=8011"},{"taxonomy":"product_cat","embeddable":true,"href":"https:\/\/auctionafrique.co.uk\/ar\/wp-json\/wp\/v2\/product_cat?post=8011"},{"taxonomy":"product_tag","embeddable":true,"href":"https:\/\/auctionafrique.co.uk\/ar\/wp-json\/wp\/v2\/product_tag?post=8011"}],"curies":[{"name":"wp","href":"https:\/\/api.w.org\/{rel}","templated":true}]}}