{"id":7997,"date":"2023-04-03T21:58:22","date_gmt":"2023-04-03T21:58:22","guid":{"rendered":"https:\/\/auctionafrique.co.uk\/?post_type=product&#038;p=7997"},"modified":"2025-03-24T09:20:53","modified_gmt":"2025-03-24T09:20:53","slug":"babouches-homme-plus-populaire","status":"publish","type":"product","link":"https:\/\/auctionafrique.co.uk\/ar\/product\/babouches-homme-plus-populaire\/","title":{"rendered":"\u0627\u0644\u0628\u0627\u0628\u0648\u0634 \u0627\u0644\u0631\u062c\u0627\u0644\u064a \u0627\u0644\u0623\u0643\u062b\u0631 \u0634\u0639\u0628\u064a\u0629"},"content":{"rendered":"<p>cette babouche berebre est l\u2019un des mod\u00e8les les plus populaires car elle<br \/>est appr\u00e9ci\u00e9e pour son confort et sa robustesse. Id\u00e9al comme babouche<br \/>de maison ou pour sortir, vous pouvez les porter tous les jours. ils<br \/>sont super confortables, habillez-les vers le haut ou vers le bas le<br \/>talon rabattable est beaucoup plus pratique.<br \/>Ces babouches marocains<br \/>sont fabriqu\u00e9s dans notre atelier en cuir haut de gamme, vous permettant<br \/>de passer un moment de d\u00e9tente \u00e0 la maison.<\/p>\n<p>notre babouche<br \/>marocaine fait preuve d\u2019une robustesse incroyable gr\u00e2ce \u00e0 sa semelle<br \/>cousue et coll\u00e9e qui lui conf\u00e8re une solidit\u00e9 sans faille, tout<br \/>l\u2019int\u00e9rieur de la chaussure est doubl\u00e9 de cuir lisse pour vous offrir<br \/>une super flexibilit\u00e9 et confort.<\/p>\n<p>\u0635\u0646\u0639 \u0641\u064a \u0627\u0644\u0645\u063a\u0631\u0628<\/p>","protected":false},"excerpt":{"rendered":"<p>\u0625\u0630\u0627 \u0637\u0644\u0628\u062a \u0627\u0644\u064a\u0648\u0645\u060c \u0641\u0625\u0644\u064a\u0643 \u062a\u0627\u0631\u064a\u062e \u0627\u0644\u062a\u0633\u0644\u064a\u0645 \u0627\u0644\u0645\u062a\u0648\u0642\u0639: \u0645\u0646 15 \u0625\u0644\u0649 20 \u064a\u0648\u0645\u064b\u0627.<\/p>","protected":false},"featured_media":7998,"comment_status":"open","ping_status":"closed","template":"","meta":{"googlesitekit_rrm_CAow1p3FDA:productID":"","jetpack_publicize_message":"","jetpack_publicize_feature_enabled":true,"jetpack_social_post_already_shared":false,"jetpack_social_options":{"image_generator_settings":{"template":"highway","default_image_id":0,"font":"","enabled":false},"version":2}},"product_brand":[],"product_cat":[83,73],"product_tag":[],"class_list":{"0":"post-7997","1":"product","2":"type-product","3":"status-publish","4":"has-post-thumbnail","6":"product_cat-babouches-et-sandales","7":"product_cat-collection-homme","9":"first","10":"instock","11":"shipping-taxable","12":"purchasable","13":"product-type-variable"},"jetpack_publicize_connections":[],"jetpack_sharing_enabled":true,"_links":{"self":[{"href":"https:\/\/auctionafrique.co.uk\/ar\/wp-json\/wp\/v2\/product\/7997","targetHints":{"allow":["GET"]}}],"collection":[{"href":"https:\/\/auctionafrique.co.uk\/ar\/wp-json\/wp\/v2\/product"}],"about":[{"href":"https:\/\/auctionafrique.co.uk\/ar\/wp-json\/wp\/v2\/types\/product"}],"replies":[{"embeddable":true,"href":"https:\/\/auctionafrique.co.uk\/ar\/wp-json\/wp\/v2\/comments?post=7997"}],"version-history":[{"count":0,"href":"https:\/\/auctionafrique.co.uk\/ar\/wp-json\/wp\/v2\/product\/7997\/revisions"}],"wp:featuredmedia":[{"embeddable":true,"href":"https:\/\/auctionafrique.co.uk\/ar\/wp-json\/wp\/v2\/media\/7998"}],"wp:attachment":[{"href":"https:\/\/auctionafrique.co.uk\/ar\/wp-json\/wp\/v2\/media?parent=7997"}],"wp:term":[{"taxonomy":"product_brand","embeddable":true,"href":"https:\/\/auctionafrique.co.uk\/ar\/wp-json\/wp\/v2\/product_brand?post=7997"},{"taxonomy":"product_cat","embeddable":true,"href":"https:\/\/auctionafrique.co.uk\/ar\/wp-json\/wp\/v2\/product_cat?post=7997"},{"taxonomy":"product_tag","embeddable":true,"href":"https:\/\/auctionafrique.co.uk\/ar\/wp-json\/wp\/v2\/product_tag?post=7997"}],"curies":[{"name":"wp","href":"https:\/\/api.w.org\/{rel}","templated":true}]}}