{"id":7972,"date":"2023-04-03T19:55:30","date_gmt":"2023-04-03T19:55:30","guid":{"rendered":"https:\/\/auctionafrique.co.uk\/product\/panier-personnalise\/"},"modified":"2025-11-01T17:14:27","modified_gmt":"2025-11-01T17:14:27","slug":"panier-personnalise","status":"publish","type":"product","link":"https:\/\/auctionafrique.co.uk\/ar\/product\/panier-personnalise\/","title":{"rendered":"PANIER PERSONNALIS\u00c9"},"content":{"rendered":"<p>\u2764\ufe0fTAILLE\u2764\ufe0f<br \/>\u2764\ufe0f29 x 18 x 11 cm &#8211; 11,4 x 7 x 4,3 pouces\u00a0\u00bb\u2764\ufe0f<\/p>\n<p>Vous<br \/>\n\u00eates \u00e0 la recherche d&rsquo;un cadeau sp\u00e9cial et unique pour une future mari\u00e9e<br \/>\n ? Ne cherchez pas plus loin que nos paniers en paille personnalis\u00e9s<br \/>\nfaits \u00e0 la main ! Ces sacs en paille sont orn\u00e9s de pompons \u00e9clatants et<br \/>\npeuvent \u00eatre personnalis\u00e9s avec le nom de la mari\u00e9e. Vous pouvez choisir<br \/>\n parmi 39 couleurs de coton et une broderie \u00e0 la main jusqu&rsquo;\u00e0 15<br \/>\ncaract\u00e8res, ou personnaliser le panier avec les initiales de la mari\u00e9e.<br \/>\nNos paniers sont non seulement magnifiques mais aussi \u00e9cologiques, car<br \/>\nils sont fabriqu\u00e9s \u00e0 partir de mat\u00e9riaux durables et r\u00e9utilisables.<br \/>\nSoutenant les petites entreprises, nos paniers sont fabriqu\u00e9s par des<br \/>\nartisans locaux.<\/p>\n<p>Nos paniers sont parfaits pour une vari\u00e9t\u00e9<br \/>\nd&rsquo;occasions, telles que les mariages, les f\u00eates pr\u00e9natales, les<br \/>\nanniversaires, les enterrements de vie de gar\u00e7on et plus encore\u00a0! De<br \/>\nplus, ils conviennent pour contenir des bibelots et des tr\u00e9sors et font<br \/>\nun bel ajout \u00e0 n&rsquo;importe quel d\u00e9cor d&rsquo;int\u00e9rieur. Ces paniers sont<br \/>\ndurables et peuvent m\u00eame \u00eatre r\u00e9utilis\u00e9s comme cadeaux de demoiselles<br \/>\nd&rsquo;honneur ou pour la d\u00e9coration.<\/p>\n<p>Cette liste est pour un sac de<br \/>\npaille de jute personnalis\u00e9 avec un nom, et le contenu n&rsquo;est pas inclus.<br \/>\n Le panier est compos\u00e9 \u00e0 100 % de paille de feuilles de palmier et<br \/>\nmesure environ 29 x 18 x 11 cm (11,4 x 7 x 4,3 pouces). Personnaliser<br \/>\nvotre panier est facile &#8211; ajoutez simplement votre personnalisation dans<br \/>\n les options ou les notes \u00e0 la caisse.<\/p>\n<p>Vous cherchez le cadeau de<br \/>\n demoiselle d&rsquo;honneur id\u00e9al ou un sac \u00e9l\u00e9gant pour votre enterrement de<br \/>\nvie de jeune fille ? Nos sacs fourre-tout et sacs de plage personnalis\u00e9s<br \/>\n sont le choix parfait pour toutes les occasions. Vous pouvez<br \/>\npersonnaliser chaque sac avec le nom ou les initiales du destinataire<br \/>\npour cr\u00e9er un cadeau unique. Nos sacs font d&rsquo;excellents cadeaux de f\u00eate<br \/>\nde mariage, des cadeaux de proposition de demoiselle d&rsquo;honneur et des<br \/>\ncadeaux de douche nuptiale.<\/p>\n<p>Notre savoir-faire est de la plus<br \/>\nhaute qualit\u00e9 et nous n&rsquo;utilisons que les meilleurs mat\u00e9riaux pour cr\u00e9er<br \/>\n nos sacs. Montrez \u00e0 vos proches \u00e0 quel point vous tenez \u00e0 eux avec un<br \/>\ncadeau attentionn\u00e9 et personnalis\u00e9 qu&rsquo;ils ch\u00e9riront pendant des ann\u00e9es.<br \/>\nCommandez maintenant et rendez votre cadeau encore plus sp\u00e9cial\u00a0!<\/p>\n<p>Si<br \/>\n vous cherchez un cadeau attentionn\u00e9 et personnalis\u00e9 pour vos<br \/>\ndemoiselles d&rsquo;honneur ou invit\u00e9s de mariage, nos paniers de march\u00e9<br \/>\npersonnalis\u00e9s et nos sacs monogramm\u00e9s sont parfaits pour toutes les<br \/>\noccasions. Nos paniers de march\u00e9 sont disponibles en diff\u00e9rentes tailles<br \/>\n et couleurs et peuvent \u00eatre personnalis\u00e9s avec un monogramme ou un nom<br \/>\ndans votre choix de police et de couleur. Ils sont id\u00e9aux pour<br \/>\ntransporter l&rsquo;essentiel, que vous fassiez des courses ou que vous alliez<br \/>\n \u00e0 la plage.<\/p>\n<p>Nos sacs fourre-tout et sacs de f\u00eate personnalis\u00e9s<br \/>\nsont un excellent moyen de remercier vos demoiselles d&rsquo;honneur ou vos<br \/>\ninvit\u00e9s si vous planifiez un enterrement de vie de jeune fille ou une<br \/>\ndouche nuptiale. Vous pouvez choisir parmi une gamme de motifs et de<br \/>\ncouleurs pour cr\u00e9er un cadeau unique qu&rsquo;ils adoreront.<\/p>\n<p>Nos sacs<br \/>\nmonogramm\u00e9s et nos paniers de P\u00e2ques sont parfaits pour les petits comme<br \/>\n pour les grands. Ils constituent un cadeau de P\u00e2ques id\u00e9al et peuvent<br \/>\n\u00eatre utilis\u00e9s toute l&rsquo;ann\u00e9e comme accessoire \u00e9l\u00e9gant et pratique.<\/p>\n<p>Nous<br \/>\n sommes fiers de notre savoir-faire et n&rsquo;utilisons que les meilleurs<br \/>\nmat\u00e9riaux pour cr\u00e9er nos paniers et sacs. Montrez \u00e0 vos proches \u00e0 quel<br \/>\npoint vous tenez \u00e0 eux avec un cadeau attentionn\u00e9 et personnalis\u00e9 qu&rsquo;ils<br \/>\n ch\u00e9riront pendant des ann\u00e9es. Commandez maintenant et rendez votre<br \/>\nprochain \u00e9v\u00e9nement encore plus sp\u00e9cial !\n                <\/p>","protected":false},"excerpt":{"rendered":"<p>\u0625\u0630\u0627 \u0637\u0644\u0628\u062a \u0627\u0644\u064a\u0648\u0645\u060c \u0641\u0625\u0644\u064a\u0643 \u062a\u0627\u0631\u064a\u062e \u0627\u0644\u062a\u0633\u0644\u064a\u0645 \u0627\u0644\u0645\u062a\u0648\u0642\u0639: \u0645\u0646 15 \u0625\u0644\u0649 20 \u064a\u0648\u0645\u064b\u0627.<br data-mce-bogus=\"1\"><\/p>","protected":false},"featured_media":7971,"comment_status":"open","ping_status":"closed","template":"","meta":{"googlesitekit_rrm_CAow1p3FDA:productID":"","jetpack_publicize_message":"","jetpack_publicize_feature_enabled":true,"jetpack_social_post_already_shared":false,"jetpack_social_options":{"image_generator_settings":{"template":"highway","default_image_id":0,"font":"","enabled":false},"version":2}},"product_brand":[],"product_cat":[82],"product_tag":[],"class_list":{"0":"post-7972","1":"product","2":"type-product","3":"status-publish","4":"has-post-thumbnail","6":"product_cat-sac-paniers","8":"first","9":"instock","10":"shipping-taxable","11":"product-type-simple"},"jetpack_publicize_connections":[],"jetpack_sharing_enabled":true,"_links":{"self":[{"href":"https:\/\/auctionafrique.co.uk\/ar\/wp-json\/wp\/v2\/product\/7972","targetHints":{"allow":["GET"]}}],"collection":[{"href":"https:\/\/auctionafrique.co.uk\/ar\/wp-json\/wp\/v2\/product"}],"about":[{"href":"https:\/\/auctionafrique.co.uk\/ar\/wp-json\/wp\/v2\/types\/product"}],"replies":[{"embeddable":true,"href":"https:\/\/auctionafrique.co.uk\/ar\/wp-json\/wp\/v2\/comments?post=7972"}],"version-history":[{"count":0,"href":"https:\/\/auctionafrique.co.uk\/ar\/wp-json\/wp\/v2\/product\/7972\/revisions"}],"wp:featuredmedia":[{"embeddable":true,"href":"https:\/\/auctionafrique.co.uk\/ar\/wp-json\/wp\/v2\/media\/7971"}],"wp:attachment":[{"href":"https:\/\/auctionafrique.co.uk\/ar\/wp-json\/wp\/v2\/media?parent=7972"}],"wp:term":[{"taxonomy":"product_brand","embeddable":true,"href":"https:\/\/auctionafrique.co.uk\/ar\/wp-json\/wp\/v2\/product_brand?post=7972"},{"taxonomy":"product_cat","embeddable":true,"href":"https:\/\/auctionafrique.co.uk\/ar\/wp-json\/wp\/v2\/product_cat?post=7972"},{"taxonomy":"product_tag","embeddable":true,"href":"https:\/\/auctionafrique.co.uk\/ar\/wp-json\/wp\/v2\/product_tag?post=7972"}],"curies":[{"name":"wp","href":"https:\/\/api.w.org\/{rel}","templated":true}]}}