{"id":7965,"date":"2023-04-03T17:13:53","date_gmt":"2023-04-03T17:13:53","guid":{"rendered":"https:\/\/auctionafrique.co.uk\/product\/beau-caftan-marocain-bordeaux-a-rayures-avec-des-broderies\/"},"modified":"2025-03-24T09:22:13","modified_gmt":"2025-03-24T09:22:13","slug":"beau-caftan-marocain-bordeaux-a-rayures-avec-des-broderies","status":"publish","type":"product","link":"https:\/\/auctionafrique.co.uk\/ar\/product\/beau-caftan-marocain-bordeaux-a-rayures-avec-des-broderies\/","title":{"rendered":"\u0642\u0641\u0637\u0627\u0646 \u0645\u063a\u0631\u0628\u064a \u062c\u0645\u064a\u0644 \u0628\u0644\u0648\u0646 \u0639\u0646\u0627\u0628\u064a \u0645\u0632\u064a\u0646 \u0628\u062e\u0637\u0648\u0637 \u0648\u062a\u0637\u0631\u064a\u0632"},"content":{"rendered":"<p>Beau caftan marocain bordeaux \u00e0 rayures avec des broderies. Cette<br \/>\nrobe orientale est r\u00e9alis\u00e9e dans un tissu en coton doux et assez \u00e9pais<br \/>\nqui sera tr\u00e8s agr\u00e9able \u00e0 porter. Sa forme, sa longueur et ses bandes<br \/>\nverticales affinent visuellement la silhouette. <\/p>\n<p>Ce v\u00eatement marocain authentique de taille unique et standard s&rsquo;adaptera<br \/>\n \u00e0 toutes les morphologies gr\u00e2ce \u00e0 sa forme et sa d\u00e9coupe. Ce mod\u00e8le<br \/>\npeut \u00e9galement se porter avec une ceinture pour marquer la taille si<br \/>\nvous le souhaitez. Le bas de la robe est fendu des deux c\u00f4t\u00e9s.<\/p>\n<p>&#8211; Tissu en coton<br \/>&#8211; Broderies <br \/>&#8211; Rayures multicolores <br \/>&#8211; Affine la silhouette<br \/>&#8211; Confortable et respirant<br \/>&#8211; Taille unique standard <br \/>&#8211; Lavage en machine (de pr\u00e9f\u00e9rence \u00e0 froid)<\/p>","protected":false},"excerpt":{"rendered":"<p><br data-mce-bogus=\"1\"><\/p>","protected":false},"featured_media":7963,"comment_status":"open","ping_status":"closed","template":"","meta":{"googlesitekit_rrm_CAow1p3FDA:productID":"","jetpack_publicize_message":"","jetpack_publicize_feature_enabled":true,"jetpack_social_post_already_shared":false,"jetpack_social_options":{"image_generator_settings":{"template":"highway","default_image_id":0,"font":"","enabled":false},"version":2}},"product_brand":[],"product_cat":[74],"product_tag":[],"class_list":{"0":"post-7965","1":"product","2":"type-product","3":"status-publish","4":"has-post-thumbnail","6":"product_cat-collection-femme","8":"first","9":"instock","10":"shipping-taxable","11":"purchasable","12":"product-type-simple"},"jetpack_publicize_connections":[],"jetpack_sharing_enabled":true,"_links":{"self":[{"href":"https:\/\/auctionafrique.co.uk\/ar\/wp-json\/wp\/v2\/product\/7965","targetHints":{"allow":["GET"]}}],"collection":[{"href":"https:\/\/auctionafrique.co.uk\/ar\/wp-json\/wp\/v2\/product"}],"about":[{"href":"https:\/\/auctionafrique.co.uk\/ar\/wp-json\/wp\/v2\/types\/product"}],"replies":[{"embeddable":true,"href":"https:\/\/auctionafrique.co.uk\/ar\/wp-json\/wp\/v2\/comments?post=7965"}],"version-history":[{"count":0,"href":"https:\/\/auctionafrique.co.uk\/ar\/wp-json\/wp\/v2\/product\/7965\/revisions"}],"wp:featuredmedia":[{"embeddable":true,"href":"https:\/\/auctionafrique.co.uk\/ar\/wp-json\/wp\/v2\/media\/7963"}],"wp:attachment":[{"href":"https:\/\/auctionafrique.co.uk\/ar\/wp-json\/wp\/v2\/media?parent=7965"}],"wp:term":[{"taxonomy":"product_brand","embeddable":true,"href":"https:\/\/auctionafrique.co.uk\/ar\/wp-json\/wp\/v2\/product_brand?post=7965"},{"taxonomy":"product_cat","embeddable":true,"href":"https:\/\/auctionafrique.co.uk\/ar\/wp-json\/wp\/v2\/product_cat?post=7965"},{"taxonomy":"product_tag","embeddable":true,"href":"https:\/\/auctionafrique.co.uk\/ar\/wp-json\/wp\/v2\/product_tag?post=7965"}],"curies":[{"name":"wp","href":"https:\/\/api.w.org\/{rel}","templated":true}]}}