{"id":7933,"date":"2023-04-03T14:02:44","date_gmt":"2023-04-03T14:02:44","guid":{"rendered":"https:\/\/auctionafrique.co.uk\/product\/lanterne-orientale-modene\/"},"modified":"2023-04-03T14:02:44","modified_gmt":"2023-04-03T14:02:44","slug":"lanterne-orientale-modene","status":"publish","type":"product","link":"https:\/\/auctionafrique.co.uk\/ar\/product\/lanterne-orientale-modene\/","title":{"rendered":"\u0641\u0627\u0646\u0648\u0633 \u0645\u0648\u062f\u064a\u0646\u0627 \u0627\u0644\u0634\u0631\u0642\u064a"},"content":{"rendered":"<p><br data-mce-bogus=\"1\"><\/p>","protected":false},"excerpt":{"rendered":"<p>Les lanternes orientales en verre Modena sont faites \u00e0 la main et en<br \/>\nm\u00e9tal perfor\u00e9. Leurs motifs oniriques et leurs jeux d&rsquo;ombres enchantent<br \/>\nchaque pi\u00e8ce. Les bougeoirs sont peints en argent \u00e0 l&rsquo;int\u00e9rieur et \u00e0<br \/>\nl&rsquo;ext\u00e9rieur. La couleur argent est noble et donne \u00e0 chaque pi\u00e8ce une<br \/>\ntouche d&rsquo;\u00e9l\u00e9gance et de luxe. Il y a un anneau de suspension en haut,<br \/>\nvous pouvez donc \u00e9galement utiliser ces lanternes comme lampe \u00e0 vent<br \/>\nsuspendue ou lanterne suspendue.<\/p>\n<p>Que ce soit sur la terrasse,<br \/>\ndans la maison ou dans le jardin, ces lanternes orientales de style<br \/>\nmarocain cr\u00e9ent une tr\u00e8s belle ambiance orientale.<\/p>\n<p>\u00c9voquez une atmosph\u00e8re orientale comme dans les 1001 nuits avec une bougie ou une guirlande lumineuse.<\/p>\n<p>D\u00e9tails du produit:<br \/>Modena silver L\u00a0: largeur environ 17 cm x profondeur environ 17 cm x hauteur avec anneau de suspension environ 60 cm<br \/>Modena Silver M\u00a0: largeur environ 15 cm x profondeur environ 15 cm x hauteur avec anneau de suspension environ 45 cm<br \/>Mati\u00e8re : m\u00e9tal, verre<br \/>Couleur : dor\u00e9 \u00e0 l&rsquo;int\u00e9rieur et dor\u00e9 \u00e0 l&rsquo;ext\u00e9rieur<br \/>Style : oriental, marocain<br \/>Lieu d&rsquo;utilisation : Pour les espaces int\u00e9rieurs et ext\u00e9rieurs prot\u00e9g\u00e9s contre les intemp\u00e9ries.<br \/>Des bougies ou des guirlandes lumineuses peuvent \u00eatre utilis\u00e9es comme illuminants.<br \/>Les lanternes sont exp\u00e9di\u00e9es sans ampoules.<\/p>","protected":false},"featured_media":7931,"comment_status":"open","ping_status":"closed","template":"","meta":{"googlesitekit_rrm_CAow1p3FDA:productID":"","jetpack_publicize_message":"","jetpack_publicize_feature_enabled":true,"jetpack_social_post_already_shared":false,"jetpack_social_options":{"image_generator_settings":{"template":"highway","default_image_id":0,"font":"","enabled":false},"version":2}},"product_brand":[],"product_cat":[75],"product_tag":[],"class_list":{"0":"post-7933","1":"product","2":"type-product","3":"status-publish","4":"has-post-thumbnail","6":"product_cat-decoration","8":"first","9":"instock","10":"shipping-taxable","11":"purchasable","12":"product-type-simple"},"jetpack_publicize_connections":[],"jetpack_sharing_enabled":true,"_links":{"self":[{"href":"https:\/\/auctionafrique.co.uk\/ar\/wp-json\/wp\/v2\/product\/7933","targetHints":{"allow":["GET"]}}],"collection":[{"href":"https:\/\/auctionafrique.co.uk\/ar\/wp-json\/wp\/v2\/product"}],"about":[{"href":"https:\/\/auctionafrique.co.uk\/ar\/wp-json\/wp\/v2\/types\/product"}],"replies":[{"embeddable":true,"href":"https:\/\/auctionafrique.co.uk\/ar\/wp-json\/wp\/v2\/comments?post=7933"}],"version-history":[{"count":0,"href":"https:\/\/auctionafrique.co.uk\/ar\/wp-json\/wp\/v2\/product\/7933\/revisions"}],"wp:featuredmedia":[{"embeddable":true,"href":"https:\/\/auctionafrique.co.uk\/ar\/wp-json\/wp\/v2\/media\/7931"}],"wp:attachment":[{"href":"https:\/\/auctionafrique.co.uk\/ar\/wp-json\/wp\/v2\/media?parent=7933"}],"wp:term":[{"taxonomy":"product_brand","embeddable":true,"href":"https:\/\/auctionafrique.co.uk\/ar\/wp-json\/wp\/v2\/product_brand?post=7933"},{"taxonomy":"product_cat","embeddable":true,"href":"https:\/\/auctionafrique.co.uk\/ar\/wp-json\/wp\/v2\/product_cat?post=7933"},{"taxonomy":"product_tag","embeddable":true,"href":"https:\/\/auctionafrique.co.uk\/ar\/wp-json\/wp\/v2\/product_tag?post=7933"}],"curies":[{"name":"wp","href":"https:\/\/api.w.org\/{rel}","templated":true}]}}