{"id":7903,"date":"2023-04-03T11:32:04","date_gmt":"2023-04-03T11:32:04","guid":{"rendered":"https:\/\/auctionafrique.co.uk\/?post_type=product&#038;p=7903"},"modified":"2025-07-21T06:34:03","modified_gmt":"2025-07-21T06:34:03","slug":"thobe-djellaba-jubbah-thobe-kandora-kaftan-bleu","status":"publish","type":"product","link":"https:\/\/auctionafrique.co.uk\/ar\/product\/thobe-djellaba-jubbah-thobe-kandora-kaftan-bleu\/","title":{"rendered":"Thobe &#8211; djellaba, Jubbah, Thobe, kandora, Kaftan (bleu)"},"content":{"rendered":"<p>Qamis marocain pour homme &#8211; Marine |djellaba, Jubbah, Belle qualit\u00e9 avec un toucher et une texture agr\u00e9ablement doux. Tout neuf, avec emballage personnel d&rsquo;origine. Nous sommes connus de beaucoup pour notre vaste collection de v\u00eatements marocains.<\/p>\n<p>VEUILLEZ NOTER : Tous nos thobes marocains ont une poche sur *un c\u00f4t\u00e9 seulement*, et une fente de l&rsquo;autre c\u00f4t\u00e9 pour acc\u00e9der \u00e0 la poche de votre pantalon<\/p>\n<p>Extr\u00eamement belle qualit\u00e9 tout neuf<br \/>Couleurs : Marine<br \/>Mati\u00e8re: M\u00e9lange Coton<br \/>Taille : Il existe deux tailles diff\u00e9rentes (hauteur).<\/p>\n<p>M &#8211; 140 cm (moyenne)<br \/>L &#8211; 150 cm (moyenne)<\/p>\n<p>Qamis Marocain Homme &#8211; Marine |djellaba, Jubbah, est votre meilleur pari pour un look d\u00e9contract\u00e9 mais \u00e9l\u00e9gant ! Un mat\u00e9riau de qualit\u00e9 qui vous durera toute une vie.<br \/>Mettez \u00e0 jour votre garde-robe et adoptez des looks traditionnels ! est votre meilleur pari pour un look d\u00e9contract\u00e9 mais \u00e9l\u00e9gant! Un mat\u00e9riau de qualit\u00e9 qui vous durera toute une vie.<br \/>Mettez \u00e0 jour votre garde-robe et adoptez des looks traditionnels !<\/p>","protected":false},"excerpt":{"rendered":"<div class=\"woocommerce-product-details__short-description\">\n<p>\u0625\u0630\u0627 \u0637\u0644\u0628\u062a \u0627\u0644\u064a\u0648\u0645\u060c \u0641\u0625\u0644\u064a\u0643 \u062a\u0627\u0631\u064a\u062e \u0627\u0644\u062a\u0633\u0644\u064a\u0645 \u0627\u0644\u0645\u062a\u0648\u0642\u0639: \u0645\u0646 15 \u0625\u0644\u0649 20 \u064a\u0648\u0645\u064b\u0627.<\/p>\n<\/div>","protected":false},"featured_media":7907,"comment_status":"open","ping_status":"closed","template":"","meta":{"googlesitekit_rrm_CAow1p3FDA:productID":"","jetpack_publicize_message":"","jetpack_publicize_feature_enabled":true,"jetpack_social_post_already_shared":false,"jetpack_social_options":{"image_generator_settings":{"template":"highway","default_image_id":0,"font":"","enabled":false},"version":2}},"product_brand":[],"product_cat":[73],"product_tag":[],"class_list":{"0":"post-7903","1":"product","2":"type-product","3":"status-publish","4":"has-post-thumbnail","6":"product_cat-collection-homme","8":"first","9":"instock","10":"shipping-taxable","11":"purchasable","12":"product-type-simple"},"jetpack_publicize_connections":[],"jetpack_sharing_enabled":true,"_links":{"self":[{"href":"https:\/\/auctionafrique.co.uk\/ar\/wp-json\/wp\/v2\/product\/7903","targetHints":{"allow":["GET"]}}],"collection":[{"href":"https:\/\/auctionafrique.co.uk\/ar\/wp-json\/wp\/v2\/product"}],"about":[{"href":"https:\/\/auctionafrique.co.uk\/ar\/wp-json\/wp\/v2\/types\/product"}],"replies":[{"embeddable":true,"href":"https:\/\/auctionafrique.co.uk\/ar\/wp-json\/wp\/v2\/comments?post=7903"}],"version-history":[{"count":1,"href":"https:\/\/auctionafrique.co.uk\/ar\/wp-json\/wp\/v2\/product\/7903\/revisions"}],"predecessor-version":[{"id":8061,"href":"https:\/\/auctionafrique.co.uk\/ar\/wp-json\/wp\/v2\/product\/7903\/revisions\/8061"}],"wp:featuredmedia":[{"embeddable":true,"href":"https:\/\/auctionafrique.co.uk\/ar\/wp-json\/wp\/v2\/media\/7907"}],"wp:attachment":[{"href":"https:\/\/auctionafrique.co.uk\/ar\/wp-json\/wp\/v2\/media?parent=7903"}],"wp:term":[{"taxonomy":"product_brand","embeddable":true,"href":"https:\/\/auctionafrique.co.uk\/ar\/wp-json\/wp\/v2\/product_brand?post=7903"},{"taxonomy":"product_cat","embeddable":true,"href":"https:\/\/auctionafrique.co.uk\/ar\/wp-json\/wp\/v2\/product_cat?post=7903"},{"taxonomy":"product_tag","embeddable":true,"href":"https:\/\/auctionafrique.co.uk\/ar\/wp-json\/wp\/v2\/product_tag?post=7903"}],"curies":[{"name":"wp","href":"https:\/\/api.w.org\/{rel}","templated":true}]}}