{"id":7671,"date":"2023-03-31T12:21:52","date_gmt":"2023-03-31T12:21:52","guid":{"rendered":"https:\/\/auctionafrique.co.uk\/product\/pouf-marocain\/"},"modified":"2025-08-01T00:44:58","modified_gmt":"2025-08-01T00:44:58","slug":"pouf-marocain","status":"publish","type":"product","link":"https:\/\/auctionafrique.co.uk\/ar\/product\/pouf-marocain\/","title":{"rendered":"Pouf marocain"},"content":{"rendered":"<p><span class=\"Y2IQFc\" lang=\"fr\">Notre collection de poufs marocains est produite par des artisans hautement qualifi\u00e9s. Nous nous assurons toujours que notre pouf en peau de vache peut \u00eatre fabriqu\u00e9 avec du cuir v\u00e9ritable de premi\u00e8re qualit\u00e9. &#8211; Largeur : 21 pouces &#8211; Hauteur : 12 pouces &#8211; Profondeur : 21 pouces Aucun produit chimique nocif n&rsquo;est utilis\u00e9 dans notre processus de fabrication de pouf. obtenir un pouf \u00e9cologique<\/span><\/p>","protected":false},"excerpt":{"rendered":"<div class=\"QmZWSe\">\n<div class=\"DHcWmd\"><\/div>\n<\/div>\n<div id=\"tw-target-text-container\" class=\"tw-ta-container F0azHf tw-nfl\">\n<pre id=\"tw-target-text\" class=\"tw-data-text tw-text-large tw-ta\" dir=\"ltr\" style=\"text-align: left;\" data-placeholder=\"Traduction\"><\/pre>\n<\/div>","protected":false},"featured_media":7652,"comment_status":"open","ping_status":"closed","template":"","meta":{"googlesitekit_rrm_CAow1p3FDA:productID":"","jetpack_publicize_message":"","jetpack_publicize_feature_enabled":true,"jetpack_social_post_already_shared":false,"jetpack_social_options":{"image_generator_settings":{"template":"highway","default_image_id":0,"font":"","enabled":false},"version":2}},"product_brand":[],"product_cat":[77],"product_tag":[],"class_list":{"0":"post-7671","1":"product","2":"type-product","3":"status-publish","4":"has-post-thumbnail","6":"product_cat-poufs","8":"first","9":"instock","10":"shipping-taxable","11":"purchasable","12":"product-type-simple"},"jetpack_publicize_connections":[],"jetpack_sharing_enabled":true,"_links":{"self":[{"href":"https:\/\/auctionafrique.co.uk\/ar\/wp-json\/wp\/v2\/product\/7671","targetHints":{"allow":["GET"]}}],"collection":[{"href":"https:\/\/auctionafrique.co.uk\/ar\/wp-json\/wp\/v2\/product"}],"about":[{"href":"https:\/\/auctionafrique.co.uk\/ar\/wp-json\/wp\/v2\/types\/product"}],"replies":[{"embeddable":true,"href":"https:\/\/auctionafrique.co.uk\/ar\/wp-json\/wp\/v2\/comments?post=7671"}],"version-history":[{"count":1,"href":"https:\/\/auctionafrique.co.uk\/ar\/wp-json\/wp\/v2\/product\/7671\/revisions"}],"predecessor-version":[{"id":7682,"href":"https:\/\/auctionafrique.co.uk\/ar\/wp-json\/wp\/v2\/product\/7671\/revisions\/7682"}],"wp:featuredmedia":[{"embeddable":true,"href":"https:\/\/auctionafrique.co.uk\/ar\/wp-json\/wp\/v2\/media\/7652"}],"wp:attachment":[{"href":"https:\/\/auctionafrique.co.uk\/ar\/wp-json\/wp\/v2\/media?parent=7671"}],"wp:term":[{"taxonomy":"product_brand","embeddable":true,"href":"https:\/\/auctionafrique.co.uk\/ar\/wp-json\/wp\/v2\/product_brand?post=7671"},{"taxonomy":"product_cat","embeddable":true,"href":"https:\/\/auctionafrique.co.uk\/ar\/wp-json\/wp\/v2\/product_cat?post=7671"},{"taxonomy":"product_tag","embeddable":true,"href":"https:\/\/auctionafrique.co.uk\/ar\/wp-json\/wp\/v2\/product_tag?post=7671"}],"curies":[{"name":"wp","href":"https:\/\/api.w.org\/{rel}","templated":true}]}}