{"id":7669,"date":"2023-03-31T12:08:05","date_gmt":"2023-03-31T12:08:05","guid":{"rendered":"https:\/\/auctionafrique.co.uk\/product\/pouf-marocain-en-cuir-2\/"},"modified":"2023-03-31T12:08:05","modified_gmt":"2023-03-31T12:08:05","slug":"pouf-marocain-en-cuir-2","status":"publish","type":"product","link":"https:\/\/auctionafrique.co.uk\/ar\/product\/pouf-marocain-en-cuir-2\/","title":{"rendered":"Pouf Marocain en cuir"},"content":{"rendered":"<p><br data-mce-bogus=\"1\"><\/p>","protected":false},"excerpt":{"rendered":"<div class=\"QmZWSe\">\n<div class=\"DHcWmd\"><\/div>\n<\/div>\n<div class=\"tw-ta-container F0azHf tw-nfl\" id=\"tw-target-text-container\">\n<pre class=\"tw-data-text tw-text-large tw-ta\" data-placeholder=\"Traduction\" id=\"tw-target-text\" style=\"text-align: left\" dir=\"ltr\"><span class=\"Y2IQFc\" lang=\"fr\">Notre collection de poufs marocains est produite par des artisans hautement qualifi\u00e9s. Nous nous assurons toujours que notre pouf en peau de vache peut \u00eatre fabriqu\u00e9 avec du cuir v\u00e9ritable de premi\u00e8re qualit\u00e9. - Largeur : 21 pouces - Hauteur : 12 pouces - Profondeur : 21 pouces Aucun produit chimique nocif n'est utilis\u00e9 dans notre processus de fabrication de pouf. obtenir un pouf \u00e9cologique<\/span><\/pre>\n<\/div>","protected":false},"featured_media":7662,"comment_status":"open","ping_status":"closed","template":"","meta":{"googlesitekit_rrm_CAow1p3FDA:productID":"","jetpack_publicize_message":"","jetpack_publicize_feature_enabled":true,"jetpack_social_post_already_shared":false,"jetpack_social_options":{"image_generator_settings":{"template":"highway","default_image_id":0,"font":"","enabled":false},"version":2}},"product_brand":[],"product_cat":[77],"product_tag":[],"class_list":{"0":"post-7669","1":"product","2":"type-product","3":"status-publish","4":"has-post-thumbnail","6":"product_cat-poufs","8":"first","9":"instock","10":"shipping-taxable","11":"purchasable","12":"product-type-simple"},"jetpack_publicize_connections":[],"jetpack_sharing_enabled":true,"_links":{"self":[{"href":"https:\/\/auctionafrique.co.uk\/ar\/wp-json\/wp\/v2\/product\/7669","targetHints":{"allow":["GET"]}}],"collection":[{"href":"https:\/\/auctionafrique.co.uk\/ar\/wp-json\/wp\/v2\/product"}],"about":[{"href":"https:\/\/auctionafrique.co.uk\/ar\/wp-json\/wp\/v2\/types\/product"}],"replies":[{"embeddable":true,"href":"https:\/\/auctionafrique.co.uk\/ar\/wp-json\/wp\/v2\/comments?post=7669"}],"version-history":[{"count":0,"href":"https:\/\/auctionafrique.co.uk\/ar\/wp-json\/wp\/v2\/product\/7669\/revisions"}],"wp:featuredmedia":[{"embeddable":true,"href":"https:\/\/auctionafrique.co.uk\/ar\/wp-json\/wp\/v2\/media\/7662"}],"wp:attachment":[{"href":"https:\/\/auctionafrique.co.uk\/ar\/wp-json\/wp\/v2\/media?parent=7669"}],"wp:term":[{"taxonomy":"product_brand","embeddable":true,"href":"https:\/\/auctionafrique.co.uk\/ar\/wp-json\/wp\/v2\/product_brand?post=7669"},{"taxonomy":"product_cat","embeddable":true,"href":"https:\/\/auctionafrique.co.uk\/ar\/wp-json\/wp\/v2\/product_cat?post=7669"},{"taxonomy":"product_tag","embeddable":true,"href":"https:\/\/auctionafrique.co.uk\/ar\/wp-json\/wp\/v2\/product_tag?post=7669"}],"curies":[{"name":"wp","href":"https:\/\/api.w.org\/{rel}","templated":true}]}}