{"id":7645,"date":"2023-03-31T11:01:28","date_gmt":"2023-03-31T11:01:28","guid":{"rendered":"https:\/\/auctionafrique.co.uk\/product\/decor-de-panier-mural\/"},"modified":"2025-11-01T16:58:40","modified_gmt":"2025-11-01T16:58:40","slug":"decor-de-panier-mural","status":"publish","type":"product","link":"https:\/\/auctionafrique.co.uk\/ar\/product\/decor-de-panier-mural\/","title":{"rendered":"\u062f\u064a\u0643\u0648\u0631 \u0633\u0644\u0629 \u062d\u0627\u0626\u0637"},"content":{"rendered":"<p><\/p>","protected":false},"excerpt":{"rendered":"<p>\u00c0 propos de cet article<br \/>&#8211;<br \/>100 % tiss\u00e9 \u00e0 la main au Vietnam \u00e0 partir de bambou naturel. Une boucle<br \/>d\u00e9sign\u00e9e est attach\u00e9e \u00e0 l&rsquo;arri\u00e8re pour une suspension sans effort.<\/p>","protected":false},"featured_media":7644,"comment_status":"open","ping_status":"closed","template":"","meta":{"googlesitekit_rrm_CAow1p3FDA:productID":"","jetpack_publicize_message":"","jetpack_publicize_feature_enabled":true,"jetpack_social_post_already_shared":false,"jetpack_social_options":{"image_generator_settings":{"template":"highway","default_image_id":0,"font":"","enabled":false},"version":2}},"product_brand":[],"product_cat":[82],"product_tag":[],"class_list":{"0":"post-7645","1":"product","2":"type-product","3":"status-publish","4":"has-post-thumbnail","6":"product_cat-sac-paniers","8":"first","9":"instock","10":"shipping-taxable","11":"purchasable","12":"product-type-simple"},"jetpack_publicize_connections":[],"jetpack_sharing_enabled":true,"_links":{"self":[{"href":"https:\/\/auctionafrique.co.uk\/ar\/wp-json\/wp\/v2\/product\/7645","targetHints":{"allow":["GET"]}}],"collection":[{"href":"https:\/\/auctionafrique.co.uk\/ar\/wp-json\/wp\/v2\/product"}],"about":[{"href":"https:\/\/auctionafrique.co.uk\/ar\/wp-json\/wp\/v2\/types\/product"}],"replies":[{"embeddable":true,"href":"https:\/\/auctionafrique.co.uk\/ar\/wp-json\/wp\/v2\/comments?post=7645"}],"version-history":[{"count":0,"href":"https:\/\/auctionafrique.co.uk\/ar\/wp-json\/wp\/v2\/product\/7645\/revisions"}],"wp:featuredmedia":[{"embeddable":true,"href":"https:\/\/auctionafrique.co.uk\/ar\/wp-json\/wp\/v2\/media\/7644"}],"wp:attachment":[{"href":"https:\/\/auctionafrique.co.uk\/ar\/wp-json\/wp\/v2\/media?parent=7645"}],"wp:term":[{"taxonomy":"product_brand","embeddable":true,"href":"https:\/\/auctionafrique.co.uk\/ar\/wp-json\/wp\/v2\/product_brand?post=7645"},{"taxonomy":"product_cat","embeddable":true,"href":"https:\/\/auctionafrique.co.uk\/ar\/wp-json\/wp\/v2\/product_cat?post=7645"},{"taxonomy":"product_tag","embeddable":true,"href":"https:\/\/auctionafrique.co.uk\/ar\/wp-json\/wp\/v2\/product_tag?post=7645"}],"curies":[{"name":"wp","href":"https:\/\/api.w.org\/{rel}","templated":true}]}}