{"id":7548,"date":"2023-03-30T14:23:00","date_gmt":"2023-03-30T14:23:00","guid":{"rendered":"https:\/\/auctionafrique.co.uk\/product\/le-miel-de-sidre-marocaine-2\/"},"modified":"2023-03-30T14:23:01","modified_gmt":"2023-03-30T14:23:01","slug":"le-miel-de-sidre-marocaine-2","status":"publish","type":"product","link":"https:\/\/auctionafrique.co.uk\/ar\/product\/le-miel-de-sidre-marocaine-2\/","title":{"rendered":"\u0639\u0633\u0644 \u0627\u0644\u0633\u062f\u0631 \u0627\u0644\u0645\u063a\u0631\u0628\u064a"},"content":{"rendered":"<p><br data-mce-bogus=\"1\"><\/p>","protected":false},"excerpt":{"rendered":"<p>Le miel de Sidr est consid\u00e9r\u00e9 comme le type de miel le plus fin et le<br \/>\n meilleur par rapport au miel de fleurs et au miel d&rsquo;autres p\u00e2turages.Le<br \/>\n miel de Sidr pr\u00e9sente de nombreux avantages que de nombreuses personnes<br \/>\n en qu\u00eate de sant\u00e9 aiment manger. Le miel de Sidr se distingue par son<br \/>\ngo\u00fbt diff\u00e9rent du reste de l&rsquo;esp\u00e8ce, et il a une saveur qui diff\u00e8re de<br \/>\ntoutes les saveurs des autres types de miel.Le miel de Sidr est<br \/>\nconsid\u00e9r\u00e9 comme un traitement efficace pour de nombreuses maladies<\/p>\n<p>700 g <\/p><\/p>","protected":false},"featured_media":7545,"comment_status":"open","ping_status":"closed","template":"","meta":{"googlesitekit_rrm_CAow1p3FDA:productID":"","jetpack_publicize_message":"","jetpack_publicize_feature_enabled":true,"jetpack_social_post_already_shared":false,"jetpack_social_options":{"image_generator_settings":{"template":"highway","default_image_id":0,"font":"","enabled":false},"version":2}},"product_brand":[],"product_cat":[],"product_tag":[],"class_list":{"0":"post-7548","1":"product","2":"type-product","3":"status-publish","4":"has-post-thumbnail","7":"first","8":"instock","9":"shipping-taxable","10":"purchasable","11":"product-type-simple"},"jetpack_publicize_connections":[],"jetpack_sharing_enabled":true,"_links":{"self":[{"href":"https:\/\/auctionafrique.co.uk\/ar\/wp-json\/wp\/v2\/product\/7548","targetHints":{"allow":["GET"]}}],"collection":[{"href":"https:\/\/auctionafrique.co.uk\/ar\/wp-json\/wp\/v2\/product"}],"about":[{"href":"https:\/\/auctionafrique.co.uk\/ar\/wp-json\/wp\/v2\/types\/product"}],"replies":[{"embeddable":true,"href":"https:\/\/auctionafrique.co.uk\/ar\/wp-json\/wp\/v2\/comments?post=7548"}],"version-history":[{"count":0,"href":"https:\/\/auctionafrique.co.uk\/ar\/wp-json\/wp\/v2\/product\/7548\/revisions"}],"wp:featuredmedia":[{"embeddable":true,"href":"https:\/\/auctionafrique.co.uk\/ar\/wp-json\/wp\/v2\/media\/7545"}],"wp:attachment":[{"href":"https:\/\/auctionafrique.co.uk\/ar\/wp-json\/wp\/v2\/media?parent=7548"}],"wp:term":[{"taxonomy":"product_brand","embeddable":true,"href":"https:\/\/auctionafrique.co.uk\/ar\/wp-json\/wp\/v2\/product_brand?post=7548"},{"taxonomy":"product_cat","embeddable":true,"href":"https:\/\/auctionafrique.co.uk\/ar\/wp-json\/wp\/v2\/product_cat?post=7548"},{"taxonomy":"product_tag","embeddable":true,"href":"https:\/\/auctionafrique.co.uk\/ar\/wp-json\/wp\/v2\/product_tag?post=7548"}],"curies":[{"name":"wp","href":"https:\/\/api.w.org\/{rel}","templated":true}]}}