{"id":7444,"date":"2023-03-29T14:05:18","date_gmt":"2023-03-29T14:05:18","guid":{"rendered":"https:\/\/auctionafrique.co.uk\/product\/tapis-beni-ourain-collection-2023-fait-main-100-maocaine-18\/"},"modified":"2023-04-04T18:41:02","modified_gmt":"2023-04-04T18:41:02","slug":"tapis-beni-ourain-collection-2023-fait-main-100-maocaine-18","status":"publish","type":"product","link":"https:\/\/auctionafrique.co.uk\/ar\/product\/tapis-beni-ourain-collection-2023-fait-main-100-maocaine-18\/","title":{"rendered":"Tapis Beni Ourain collection 2023 fait-main 100% maocaine"},"content":{"rendered":"<p>Les tapis Beni Ourain sont probablement les plus beaux tapis marocains<br \/>authentiques. Ils sont fabriqu\u00e9s \u00e0 partir de laine de mouton 100%<br \/>naturelle. Ces tapis marocains sont r\u00e9alis\u00e9s par des artisanes Artistes<br \/>Berb\u00e8res dont le savoir-faire s&rsquo;\u00e9tend sur des si\u00e8cles de g\u00e9n\u00e9ration en<br \/>g\u00e9n\u00e9ration. Ce magnifique tapis Beni ourain de caract\u00e8re se marie<br \/>parfaitement avec tous les styles d&rsquo;int\u00e9rieur : Boh\u00e8me, Moderne,<br \/>Scandinave, Traditionnel&#8230; Si vous cherchez quelque chose de douillet<br \/>pour vos pieds ou pour vous garder au chaud, ces magnifiques tapis sont<br \/>id\u00e9aux pour vous !<\/p>\n<p><span class=\"word menu-enabled\">TOUS<\/span>\u00a0<span class=\"word menu-enabled\">NOS<\/span>\u00a0<span class=\"word menu-enabled\">TAPIS<\/span>\u00a0<span class=\"word menu-enabled\">SONT<\/span>\u00a0<span class=\"word menu-enabled\">FAIT<\/span>\u00a0<span class=\"word menu-enabled\">SUR<\/span>\u00a0<span class=\"word menu-enabled\">MESURE<\/span>.\u00a0<span class=\"word menu-enabled\">TEMPS<\/span>\u00a0<span class=\"word menu-enabled\">DE<\/span>\u00a0<span class=\"word menu-enabled\">LIVRAISON<\/span>\u00a0+<span class=\"word menu-enabled\">&#8211;<\/span>\u00a01\u00a0<span class=\"word menu-enabled\">mois<\/span><\/p>","protected":false},"excerpt":{"rendered":"<p><span class=\"word menu-enabled\" style=\"border-width: 0px;border-style: solid;--tw-shadow: 0 0 #0000;--tw-ring-inset: var(--tw-empty, );--tw-ring-offset-width: 0px;--tw-ring-offset-color: #fff;--tw-ring-offset-shadow: 0 0 #0000;--tw-ring-shadow: 0 0 #0000;--tw-border-opacity: 1\" data-mce-style=\"border-width: 0px; border-style: solid; --tw-shadow: 0 0 #0000; --tw-ring-inset: var(--tw-empty, ); --tw-ring-offset-width: 0px; --tw-ring-offset-color: #fff; --tw-ring-offset-shadow: 0 0 #0000; --tw-ring-shadow: 0 0 #0000; --tw-border-opacity: 1;\">TOUS<\/span>\u00a0<span class=\"word menu-enabled\" style=\"border-width: 0px;border-style: solid;--tw-shadow: 0 0 #0000;--tw-ring-inset: var(--tw-empty, );--tw-ring-offset-width: 0px;--tw-ring-offset-color: #fff;--tw-ring-offset-shadow: 0 0 #0000;--tw-ring-shadow: 0 0 #0000;--tw-border-opacity: 1\" data-mce-style=\"border-width: 0px; border-style: solid; --tw-shadow: 0 0 #0000; --tw-ring-inset: var(--tw-empty, ); --tw-ring-offset-width: 0px; --tw-ring-offset-color: #fff; --tw-ring-offset-shadow: 0 0 #0000; --tw-ring-shadow: 0 0 #0000; --tw-border-opacity: 1;\">NOS<\/span>\u00a0<span class=\"word menu-enabled\" style=\"border-width: 0px;border-style: solid;--tw-shadow: 0 0 #0000;--tw-ring-inset: var(--tw-empty, );--tw-ring-offset-width: 0px;--tw-ring-offset-color: #fff;--tw-ring-offset-shadow: 0 0 #0000;--tw-ring-shadow: 0 0 #0000;--tw-border-opacity: 1\" data-mce-style=\"border-width: 0px; border-style: solid; --tw-shadow: 0 0 #0000; --tw-ring-inset: var(--tw-empty, ); --tw-ring-offset-width: 0px; --tw-ring-offset-color: #fff; --tw-ring-offset-shadow: 0 0 #0000; --tw-ring-shadow: 0 0 #0000; --tw-border-opacity: 1;\">TAPIS<\/span>\u00a0<span class=\"word menu-enabled\" style=\"border-width: 0px;border-style: solid;--tw-shadow: 0 0 #0000;--tw-ring-inset: var(--tw-empty, );--tw-ring-offset-width: 0px;--tw-ring-offset-color: #fff;--tw-ring-offset-shadow: 0 0 #0000;--tw-ring-shadow: 0 0 #0000;--tw-border-opacity: 1\" data-mce-style=\"border-width: 0px; border-style: solid; --tw-shadow: 0 0 #0000; --tw-ring-inset: var(--tw-empty, ); --tw-ring-offset-width: 0px; --tw-ring-offset-color: #fff; --tw-ring-offset-shadow: 0 0 #0000; --tw-ring-shadow: 0 0 #0000; --tw-border-opacity: 1;\">SONT<\/span>\u00a0<span class=\"word menu-enabled\" style=\"border-width: 0px;border-style: solid;--tw-shadow: 0 0 #0000;--tw-ring-inset: var(--tw-empty, );--tw-ring-offset-width: 0px;--tw-ring-offset-color: #fff;--tw-ring-offset-shadow: 0 0 #0000;--tw-ring-shadow: 0 0 #0000;--tw-border-opacity: 1\" data-mce-style=\"border-width: 0px; border-style: solid; --tw-shadow: 0 0 #0000; --tw-ring-inset: var(--tw-empty, ); --tw-ring-offset-width: 0px; --tw-ring-offset-color: #fff; --tw-ring-offset-shadow: 0 0 #0000; --tw-ring-shadow: 0 0 #0000; --tw-border-opacity: 1;\">FAIT<\/span>\u00a0<span class=\"word menu-enabled\" style=\"border-width: 0px;border-style: solid;--tw-shadow: 0 0 #0000;--tw-ring-inset: var(--tw-empty, );--tw-ring-offset-width: 0px;--tw-ring-offset-color: #fff;--tw-ring-offset-shadow: 0 0 #0000;--tw-ring-shadow: 0 0 #0000;--tw-border-opacity: 1\" data-mce-style=\"border-width: 0px; border-style: solid; --tw-shadow: 0 0 #0000; --tw-ring-inset: var(--tw-empty, ); --tw-ring-offset-width: 0px; --tw-ring-offset-color: #fff; --tw-ring-offset-shadow: 0 0 #0000; --tw-ring-shadow: 0 0 #0000; --tw-border-opacity: 1;\">SUR<\/span>\u00a0<span class=\"word menu-enabled\" style=\"border-width: 0px;border-style: solid;--tw-shadow: 0 0 #0000;--tw-ring-inset: var(--tw-empty, );--tw-ring-offset-width: 0px;--tw-ring-offset-color: #fff;--tw-ring-offset-shadow: 0 0 #0000;--tw-ring-shadow: 0 0 #0000;--tw-border-opacity: 1\" data-mce-style=\"border-width: 0px; border-style: solid; --tw-shadow: 0 0 #0000; --tw-ring-inset: var(--tw-empty, ); --tw-ring-offset-width: 0px; --tw-ring-offset-color: #fff; --tw-ring-offset-shadow: 0 0 #0000; --tw-ring-shadow: 0 0 #0000; --tw-border-opacity: 1;\">MESURE<\/span>.\u00a0<span class=\"word menu-enabled\" style=\"border-width: 0px;border-style: solid;--tw-shadow: 0 0 #0000;--tw-ring-inset: var(--tw-empty, );--tw-ring-offset-width: 0px;--tw-ring-offset-color: #fff;--tw-ring-offset-shadow: 0 0 #0000;--tw-ring-shadow: 0 0 #0000;--tw-border-opacity: 1\" data-mce-style=\"border-width: 0px; border-style: solid; --tw-shadow: 0 0 #0000; --tw-ring-inset: var(--tw-empty, ); --tw-ring-offset-width: 0px; --tw-ring-offset-color: #fff; --tw-ring-offset-shadow: 0 0 #0000; --tw-ring-shadow: 0 0 #0000; --tw-border-opacity: 1;\">TEMPS<\/span>\u00a0<span class=\"word menu-enabled\" style=\"border-width: 0px;border-style: solid;--tw-shadow: 0 0 #0000;--tw-ring-inset: var(--tw-empty, );--tw-ring-offset-width: 0px;--tw-ring-offset-color: #fff;--tw-ring-offset-shadow: 0 0 #0000;--tw-ring-shadow: 0 0 #0000;--tw-border-opacity: 1\" data-mce-style=\"border-width: 0px; border-style: solid; --tw-shadow: 0 0 #0000; --tw-ring-inset: var(--tw-empty, ); --tw-ring-offset-width: 0px; --tw-ring-offset-color: #fff; --tw-ring-offset-shadow: 0 0 #0000; --tw-ring-shadow: 0 0 #0000; --tw-border-opacity: 1;\">DE<\/span>\u00a0<span class=\"word menu-enabled\" style=\"border-width: 0px;border-style: solid;--tw-shadow: 0 0 #0000;--tw-ring-inset: var(--tw-empty, );--tw-ring-offset-width: 0px;--tw-ring-offset-color: #fff;--tw-ring-offset-shadow: 0 0 #0000;--tw-ring-shadow: 0 0 #0000;--tw-border-opacity: 1\" data-mce-style=\"border-width: 0px; border-style: solid; --tw-shadow: 0 0 #0000; --tw-ring-inset: var(--tw-empty, ); --tw-ring-offset-width: 0px; --tw-ring-offset-color: #fff; --tw-ring-offset-shadow: 0 0 #0000; --tw-ring-shadow: 0 0 #0000; --tw-border-opacity: 1;\">LIVRAISON<\/span>\u00a0+<span class=\"word menu-enabled\" style=\"border-width: 0px;border-style: solid;--tw-shadow: 0 0 #0000;--tw-ring-inset: var(--tw-empty, );--tw-ring-offset-width: 0px;--tw-ring-offset-color: #fff;--tw-ring-offset-shadow: 0 0 #0000;--tw-ring-shadow: 0 0 #0000;--tw-border-opacity: 1\" data-mce-style=\"border-width: 0px; border-style: solid; --tw-shadow: 0 0 #0000; --tw-ring-inset: var(--tw-empty, ); --tw-ring-offset-width: 0px; --tw-ring-offset-color: #fff; --tw-ring-offset-shadow: 0 0 #0000; --tw-ring-shadow: 0 0 #0000; --tw-border-opacity: 1;\">&#8211;<\/span>\u00a01\u00a0<span class=\"word menu-enabled\" style=\"border-width: 0px;border-style: solid;--tw-shadow: 0 0 #0000;--tw-ring-inset: var(--tw-empty, );--tw-ring-offset-width: 0px;--tw-ring-offset-color: #fff;--tw-ring-offset-shadow: 0 0 #0000;--tw-ring-shadow: 0 0 #0000;--tw-border-opacity: 1\" data-mce-style=\"border-width: 0px; border-style: solid; --tw-shadow: 0 0 #0000; --tw-ring-inset: var(--tw-empty, ); --tw-ring-offset-width: 0px; --tw-ring-offset-color: #fff; --tw-ring-offset-shadow: 0 0 #0000; --tw-ring-shadow: 0 0 #0000; --tw-border-opacity: 1;\">mois<\/span><\/p>","protected":false},"featured_media":7458,"comment_status":"open","ping_status":"closed","template":"","meta":{"googlesitekit_rrm_CAow1p3FDA:productID":"","jetpack_publicize_message":"","jetpack_publicize_feature_enabled":true,"jetpack_social_post_already_shared":false,"jetpack_social_options":{"image_generator_settings":{"template":"highway","default_image_id":0,"font":"","enabled":false},"version":2}},"product_brand":[],"product_cat":[78],"product_tag":[],"class_list":{"0":"post-7444","1":"product","2":"type-product","3":"status-publish","4":"has-post-thumbnail","6":"product_cat-tapis","8":"first","9":"instock","10":"shipping-taxable","11":"purchasable","12":"product-type-simple"},"jetpack_publicize_connections":[],"jetpack_sharing_enabled":true,"_links":{"self":[{"href":"https:\/\/auctionafrique.co.uk\/ar\/wp-json\/wp\/v2\/product\/7444","targetHints":{"allow":["GET"]}}],"collection":[{"href":"https:\/\/auctionafrique.co.uk\/ar\/wp-json\/wp\/v2\/product"}],"about":[{"href":"https:\/\/auctionafrique.co.uk\/ar\/wp-json\/wp\/v2\/types\/product"}],"replies":[{"embeddable":true,"href":"https:\/\/auctionafrique.co.uk\/ar\/wp-json\/wp\/v2\/comments?post=7444"}],"version-history":[{"count":0,"href":"https:\/\/auctionafrique.co.uk\/ar\/wp-json\/wp\/v2\/product\/7444\/revisions"}],"wp:featuredmedia":[{"embeddable":true,"href":"https:\/\/auctionafrique.co.uk\/ar\/wp-json\/wp\/v2\/media\/7458"}],"wp:attachment":[{"href":"https:\/\/auctionafrique.co.uk\/ar\/wp-json\/wp\/v2\/media?parent=7444"}],"wp:term":[{"taxonomy":"product_brand","embeddable":true,"href":"https:\/\/auctionafrique.co.uk\/ar\/wp-json\/wp\/v2\/product_brand?post=7444"},{"taxonomy":"product_cat","embeddable":true,"href":"https:\/\/auctionafrique.co.uk\/ar\/wp-json\/wp\/v2\/product_cat?post=7444"},{"taxonomy":"product_tag","embeddable":true,"href":"https:\/\/auctionafrique.co.uk\/ar\/wp-json\/wp\/v2\/product_tag?post=7444"}],"curies":[{"name":"wp","href":"https:\/\/api.w.org\/{rel}","templated":true}]}}