{"id":7385,"date":"2023-03-29T11:18:09","date_gmt":"2023-03-29T11:18:09","guid":{"rendered":"https:\/\/auctionafrique.co.uk\/?post_type=product&#038;p=7385"},"modified":"2023-03-30T12:06:07","modified_gmt":"2023-03-30T12:06:07","slug":"assiette-en-ceramique-de-marrakech","status":"publish","type":"product","link":"https:\/\/auctionafrique.co.uk\/ar\/product\/assiette-en-ceramique-de-marrakech\/","title":{"rendered":"\u0637\u0628\u0642 \u062e\u0632\u0641\u064a \u0645\u0646 \u0645\u0631\u0627\u0643\u0634"},"content":{"rendered":"<p>\u0647\u0646\u0627\u0643 \u0633\u062a\u062e\u062a\u0627\u0631 \u0642\u0637\u0639\u064b\u0627 \u0641\u0631\u064a\u062f\u0629\u060c \u0648\u062e\u0627\u0635\u0629 \u062a\u0644\u0643 \u0627\u0644\u0645\u0632\u064a\u0646\u0629 \u0628\u062e\u064a\u0648\u0637 \u0645\u0646 \u0627\u0644\u0646\u064a\u0643\u0644 \u0648\u0627\u0644\u0641\u0636\u0629.<\/p>\n<p>Hauteur\u00a0 7 cm<\/p>\n<p>Dim\u00e8tre\u00a0 26 cm<\/p>","protected":false},"excerpt":{"rendered":"<p>Vous y ferez le choix de pi\u00e8ces uniques, et principalement celles d\u00e9cor\u00e9es de fils de maillechort. Hauteur\u00a0 7 cm Dim\u00e8tre\u00a0<\/p>","protected":false},"featured_media":7506,"comment_status":"open","ping_status":"closed","template":"","meta":{"googlesitekit_rrm_CAow1p3FDA:productID":"","jetpack_publicize_message":"","jetpack_publicize_feature_enabled":true,"jetpack_social_post_already_shared":false,"jetpack_social_options":{"image_generator_settings":{"template":"highway","default_image_id":0,"font":"","enabled":false},"version":2}},"product_brand":[],"product_cat":[79],"product_tag":[],"class_list":{"0":"post-7385","1":"product","2":"type-product","3":"status-publish","4":"has-post-thumbnail","6":"product_cat-vaisselle","8":"first","9":"instock","10":"shipping-taxable","11":"purchasable","12":"product-type-simple"},"jetpack_publicize_connections":[],"jetpack_sharing_enabled":true,"_links":{"self":[{"href":"https:\/\/auctionafrique.co.uk\/ar\/wp-json\/wp\/v2\/product\/7385","targetHints":{"allow":["GET"]}}],"collection":[{"href":"https:\/\/auctionafrique.co.uk\/ar\/wp-json\/wp\/v2\/product"}],"about":[{"href":"https:\/\/auctionafrique.co.uk\/ar\/wp-json\/wp\/v2\/types\/product"}],"replies":[{"embeddable":true,"href":"https:\/\/auctionafrique.co.uk\/ar\/wp-json\/wp\/v2\/comments?post=7385"}],"version-history":[{"count":0,"href":"https:\/\/auctionafrique.co.uk\/ar\/wp-json\/wp\/v2\/product\/7385\/revisions"}],"wp:featuredmedia":[{"embeddable":true,"href":"https:\/\/auctionafrique.co.uk\/ar\/wp-json\/wp\/v2\/media\/7506"}],"wp:attachment":[{"href":"https:\/\/auctionafrique.co.uk\/ar\/wp-json\/wp\/v2\/media?parent=7385"}],"wp:term":[{"taxonomy":"product_brand","embeddable":true,"href":"https:\/\/auctionafrique.co.uk\/ar\/wp-json\/wp\/v2\/product_brand?post=7385"},{"taxonomy":"product_cat","embeddable":true,"href":"https:\/\/auctionafrique.co.uk\/ar\/wp-json\/wp\/v2\/product_cat?post=7385"},{"taxonomy":"product_tag","embeddable":true,"href":"https:\/\/auctionafrique.co.uk\/ar\/wp-json\/wp\/v2\/product_tag?post=7385"}],"curies":[{"name":"wp","href":"https:\/\/api.w.org\/{rel}","templated":true}]}}