{"id":7383,"date":"2023-03-29T11:16:52","date_gmt":"2023-03-29T11:16:52","guid":{"rendered":"https:\/\/auctionafrique.co.uk\/?post_type=product&#038;p=7383"},"modified":"2023-03-30T12:27:22","modified_gmt":"2023-03-30T12:27:22","slug":"theiere-traditionnelle-wester-27","status":"publish","type":"product","link":"https:\/\/auctionafrique.co.uk\/ar\/product\/theiere-traditionnelle-wester-27\/","title":{"rendered":"\u0625\u0628\u0631\u064a\u0642 \u0634\u0627\u064a \u062a\u0642\u0644\u064a\u062f\u064a \u0645\u0646 \u0648\u064a\u0633\u062a\u0631 27"},"content":{"rendered":"<p>Commandez d\u00e8s maintenant vos th\u00e9i\u00e8res marocaines et recevez-les dans les meilleurs d\u00e9lais.<\/p>\n<p>Hauteur\u00a0 15 CM<\/p>\n<p>Largeur\u00a0 22 CM<\/p>\n<p>Langueur\u00a0 24 CM<\/p>","protected":false},"excerpt":{"rendered":"<p>Commandez d\u00e8s maintenant vos th\u00e9i\u00e8res marocaines et recevez-les dans les meilleurs d\u00e9lais. Hauteur\u00a0 15 CM Largeur\u00a0 22 CM Langueur\u00a0 24<\/p>","protected":false},"featured_media":7384,"comment_status":"open","ping_status":"closed","template":"","meta":{"googlesitekit_rrm_CAow1p3FDA:productID":"","jetpack_publicize_message":"","jetpack_publicize_feature_enabled":true,"jetpack_social_post_already_shared":false,"jetpack_social_options":{"image_generator_settings":{"template":"highway","default_image_id":0,"font":"","enabled":false},"version":2}},"product_brand":[],"product_cat":[79],"product_tag":[],"class_list":{"0":"post-7383","1":"product","2":"type-product","3":"status-publish","4":"has-post-thumbnail","6":"product_cat-vaisselle","8":"first","9":"instock","10":"shipping-taxable","11":"purchasable","12":"product-type-simple"},"jetpack_publicize_connections":[],"jetpack_sharing_enabled":true,"_links":{"self":[{"href":"https:\/\/auctionafrique.co.uk\/ar\/wp-json\/wp\/v2\/product\/7383","targetHints":{"allow":["GET"]}}],"collection":[{"href":"https:\/\/auctionafrique.co.uk\/ar\/wp-json\/wp\/v2\/product"}],"about":[{"href":"https:\/\/auctionafrique.co.uk\/ar\/wp-json\/wp\/v2\/types\/product"}],"replies":[{"embeddable":true,"href":"https:\/\/auctionafrique.co.uk\/ar\/wp-json\/wp\/v2\/comments?post=7383"}],"version-history":[{"count":0,"href":"https:\/\/auctionafrique.co.uk\/ar\/wp-json\/wp\/v2\/product\/7383\/revisions"}],"wp:featuredmedia":[{"embeddable":true,"href":"https:\/\/auctionafrique.co.uk\/ar\/wp-json\/wp\/v2\/media\/7384"}],"wp:attachment":[{"href":"https:\/\/auctionafrique.co.uk\/ar\/wp-json\/wp\/v2\/media?parent=7383"}],"wp:term":[{"taxonomy":"product_brand","embeddable":true,"href":"https:\/\/auctionafrique.co.uk\/ar\/wp-json\/wp\/v2\/product_brand?post=7383"},{"taxonomy":"product_cat","embeddable":true,"href":"https:\/\/auctionafrique.co.uk\/ar\/wp-json\/wp\/v2\/product_cat?post=7383"},{"taxonomy":"product_tag","embeddable":true,"href":"https:\/\/auctionafrique.co.uk\/ar\/wp-json\/wp\/v2\/product_tag?post=7383"}],"curies":[{"name":"wp","href":"https:\/\/api.w.org\/{rel}","templated":true}]}}