{"id":7378,"date":"2023-03-29T11:11:20","date_gmt":"2023-03-29T11:11:20","guid":{"rendered":"https:\/\/auctionafrique.co.uk\/?post_type=product&#038;p=7378"},"modified":"2025-11-01T16:51:35","modified_gmt":"2025-11-01T16:51:35","slug":"applique-marocaine-au-style-iraqi-argentee","status":"publish","type":"product","link":"https:\/\/auctionafrique.co.uk\/ar\/product\/applique-marocaine-au-style-iraqi-argentee\/","title":{"rendered":"\u0645\u0635\u0628\u0627\u062d \u062c\u062f\u0627\u0631\u064a \u0645\u063a\u0631\u0628\u064a \u0645\u0637\u0644\u064a \u0628\u0627\u0644\u0641\u0636\u0629 \u0639\u0644\u0649 \u0627\u0644\u0637\u0631\u0627\u0632 \u0627\u0644\u0639\u0631\u0627\u0642\u064a"},"content":{"rendered":"<p style=\"font-weight: 400;\"><b>L&rsquo;Artisanat Marocain \u00e9tant une source infinie d&rsquo;id\u00e9es pour la D\u00e9coration Int\u00e9rieure.<\/b><\/p>\n<p style=\"font-weight: 400;\"><b>D\u00e9couvrez notre s\u00e9lection de\u00a0<\/b><b>suspensions luminaires afin d&rsquo;offrir un style contemporain et moderne \u00e0 votre int\u00e9rieur.<\/b><\/p>\n<p style=\"font-weight: 400;\"><b>Nos produits sont fabriqu\u00e9s \u00e0 la main au Maroc par des artisans Marocains<\/b><\/p>\n<p style=\"font-weight: 400;\"><b>Caract\u00e9ristique du produit<\/b><\/p>\n<p style=\"font-weight: 400;\">Styles\u00a0: Classique<\/p>\n<p style=\"font-weight: 400;\">Hauteur20\u00a0 CM<\/p>\n<p style=\"font-weight: 400;\">Largeur 40 CM<\/p>","protected":false},"excerpt":{"rendered":"<p>L&rsquo;Artisanat Marocain \u00e9tant une source infinie d&rsquo;id\u00e9es pour la D\u00e9coration Int\u00e9rieure. D\u00e9couvrez notre s\u00e9lection de\u00a0suspensions luminaires afin d&rsquo;offrir un style<\/p>","protected":false},"featured_media":7379,"comment_status":"open","ping_status":"closed","template":"","meta":{"googlesitekit_rrm_CAow1p3FDA:productID":"","jetpack_publicize_message":"","jetpack_publicize_feature_enabled":true,"jetpack_social_post_already_shared":false,"jetpack_social_options":{"image_generator_settings":{"template":"highway","default_image_id":0,"font":"","enabled":false},"version":2}},"product_brand":[],"product_cat":[79],"product_tag":[],"class_list":{"0":"post-7378","1":"product","2":"type-product","3":"status-publish","4":"has-post-thumbnail","6":"product_cat-vaisselle","8":"first","9":"instock","10":"shipping-taxable","11":"purchasable","12":"product-type-simple"},"jetpack_publicize_connections":[],"jetpack_sharing_enabled":true,"_links":{"self":[{"href":"https:\/\/auctionafrique.co.uk\/ar\/wp-json\/wp\/v2\/product\/7378","targetHints":{"allow":["GET"]}}],"collection":[{"href":"https:\/\/auctionafrique.co.uk\/ar\/wp-json\/wp\/v2\/product"}],"about":[{"href":"https:\/\/auctionafrique.co.uk\/ar\/wp-json\/wp\/v2\/types\/product"}],"replies":[{"embeddable":true,"href":"https:\/\/auctionafrique.co.uk\/ar\/wp-json\/wp\/v2\/comments?post=7378"}],"version-history":[{"count":1,"href":"https:\/\/auctionafrique.co.uk\/ar\/wp-json\/wp\/v2\/product\/7378\/revisions"}],"predecessor-version":[{"id":7391,"href":"https:\/\/auctionafrique.co.uk\/ar\/wp-json\/wp\/v2\/product\/7378\/revisions\/7391"}],"wp:featuredmedia":[{"embeddable":true,"href":"https:\/\/auctionafrique.co.uk\/ar\/wp-json\/wp\/v2\/media\/7379"}],"wp:attachment":[{"href":"https:\/\/auctionafrique.co.uk\/ar\/wp-json\/wp\/v2\/media?parent=7378"}],"wp:term":[{"taxonomy":"product_brand","embeddable":true,"href":"https:\/\/auctionafrique.co.uk\/ar\/wp-json\/wp\/v2\/product_brand?post=7378"},{"taxonomy":"product_cat","embeddable":true,"href":"https:\/\/auctionafrique.co.uk\/ar\/wp-json\/wp\/v2\/product_cat?post=7378"},{"taxonomy":"product_tag","embeddable":true,"href":"https:\/\/auctionafrique.co.uk\/ar\/wp-json\/wp\/v2\/product_tag?post=7378"}],"curies":[{"name":"wp","href":"https:\/\/api.w.org\/{rel}","templated":true}]}}