{"id":7366,"date":"2023-03-29T11:03:40","date_gmt":"2023-03-29T11:03:40","guid":{"rendered":"https:\/\/auctionafrique.co.uk\/?post_type=product&#038;p=7366"},"modified":"2025-11-01T16:52:54","modified_gmt":"2025-11-01T16:52:54","slug":"assiette-poterie-blue-white-and-red","status":"publish","type":"product","link":"https:\/\/auctionafrique.co.uk\/ar\/product\/assiette-poterie-blue-white-and-red\/","title":{"rendered":"\u0637\u0628\u0642 \u062e\u0632\u0641\u064a. \u0623\u0632\u0631\u0642\u060c \u0623\u0628\u064a\u0636\u060c \u0648\u0623\u062d\u0645\u0631"},"content":{"rendered":"<div class=\"lg:pr-3 w-full lg:w-72%\">\n<section class=\"md:mb-10\">\n<div id=\"tabs\" class=\"c-tabs\">\n<div id=\"product-description-panel\" class=\"c-tab is-active md:mt-6\">\n<div class=\"c-tab__content\">\n<div id=\"item-details-section\">\n<div id=\"item-details\" class=\"h-96 unreset overflow-hidden relative item-full-details mt-5 md:mt-0\">\n<div>\n<div>\n<div class=\"space-y-6 list-style mb-20 roboto-medium text-sm md:text-15 text-gray-10\">\n<p>une pi\u00e8ce de qualit\u00e9 sup\u00e9rieure fabriqu\u00e9e \u00e0 la main par des artisans passionn\u00e9s. Les motifs traditionnels et les couleurs vives \u00e9voquent l&rsquo;exotisme et la richesse de la culture marocaine<\/p>\n<p><\/p>\n<\/div>\n<\/div>\n<\/div>\n<\/div>\n<\/div>\n<\/div>\n<\/div>\n<\/div>\n<\/section>\n<\/div>\n<div class=\"lg:pl-3 w-full lg:w-28% md:mt-4\">\n<div class=\"relative z-ng px-2 pb-15p border rounded rounded-b-none\">\n<div class=\"flex flex-wrap px-2\">\n<div class=\"w-4\/5\"><\/div>\n<\/div>\n<\/div>\n<\/div>","protected":false},"excerpt":{"rendered":"<p><br data-mce-bogus=\"1\"><\/p>","protected":false},"featured_media":7575,"comment_status":"open","ping_status":"closed","template":"","meta":{"googlesitekit_rrm_CAow1p3FDA:productID":"","jetpack_publicize_message":"","jetpack_publicize_feature_enabled":true,"jetpack_social_post_already_shared":false,"jetpack_social_options":{"image_generator_settings":{"template":"highway","default_image_id":0,"font":"","enabled":false},"version":2}},"product_brand":[],"product_cat":[79],"product_tag":[],"class_list":{"0":"post-7366","1":"product","2":"type-product","3":"status-publish","4":"has-post-thumbnail","6":"product_cat-vaisselle","8":"first","9":"instock","10":"shipping-taxable","11":"purchasable","12":"product-type-simple"},"jetpack_publicize_connections":[],"jetpack_sharing_enabled":true,"_links":{"self":[{"href":"https:\/\/auctionafrique.co.uk\/ar\/wp-json\/wp\/v2\/product\/7366","targetHints":{"allow":["GET"]}}],"collection":[{"href":"https:\/\/auctionafrique.co.uk\/ar\/wp-json\/wp\/v2\/product"}],"about":[{"href":"https:\/\/auctionafrique.co.uk\/ar\/wp-json\/wp\/v2\/types\/product"}],"replies":[{"embeddable":true,"href":"https:\/\/auctionafrique.co.uk\/ar\/wp-json\/wp\/v2\/comments?post=7366"}],"version-history":[{"count":0,"href":"https:\/\/auctionafrique.co.uk\/ar\/wp-json\/wp\/v2\/product\/7366\/revisions"}],"wp:featuredmedia":[{"embeddable":true,"href":"https:\/\/auctionafrique.co.uk\/ar\/wp-json\/wp\/v2\/media\/7575"}],"wp:attachment":[{"href":"https:\/\/auctionafrique.co.uk\/ar\/wp-json\/wp\/v2\/media?parent=7366"}],"wp:term":[{"taxonomy":"product_brand","embeddable":true,"href":"https:\/\/auctionafrique.co.uk\/ar\/wp-json\/wp\/v2\/product_brand?post=7366"},{"taxonomy":"product_cat","embeddable":true,"href":"https:\/\/auctionafrique.co.uk\/ar\/wp-json\/wp\/v2\/product_cat?post=7366"},{"taxonomy":"product_tag","embeddable":true,"href":"https:\/\/auctionafrique.co.uk\/ar\/wp-json\/wp\/v2\/product_tag?post=7366"}],"curies":[{"name":"wp","href":"https:\/\/api.w.org\/{rel}","templated":true}]}}