{"id":7323,"date":"2023-03-28T20:31:46","date_gmt":"2023-03-28T20:31:46","guid":{"rendered":"https:\/\/auctionafrique.co.uk\/?post_type=product&#038;p=7323"},"modified":"2025-11-01T16:53:59","modified_gmt":"2025-11-01T16:53:59","slug":"babouche-dambira","status":"publish","type":"product","link":"https:\/\/auctionafrique.co.uk\/ar\/product\/babouche-dambira\/","title":{"rendered":"\u0628\u0627\u0628\u0648\u0634 \u062f\u0627\u0645\u0628\u064a\u0631\u0627"},"content":{"rendered":"<p>La babouche ou \u00ab belgha \u00bb, embl\u00e9matique de la culture du Maroc ou elle se fabrique depuis plusieurs si\u00e8cles et, sa fabrication \u00e0 Marrakech lui donne toute sa valeur.<\/p>\n<p>Elle se d\u00e9cline en une multitude de formes, mais traditionnellement elle est fabriqu\u00e9e en cuir de ch\u00e8vre ou de mouton, la semelle plate est faite de peau de veau, elle est entierement cousue \u00e0 la main<\/p>","protected":false},"excerpt":{"rendered":"<p>\u0625\u0630\u0627 \u0637\u0644\u0628\u062a \u0627\u0644\u064a\u0648\u0645\u060c \u0641\u0625\u0644\u064a\u0643 \u062a\u0627\u0631\u064a\u062e \u0627\u0644\u062a\u0633\u0644\u064a\u0645 \u0627\u0644\u0645\u062a\u0648\u0642\u0639: \u0645\u0646 15 \u0625\u0644\u0649 20 \u064a\u0648\u0645\u064b\u0627.<\/p>\n<p>\u0634\u062d\u0646 \u0645\u062c\u0627\u0646\u064a \u0644\u062c\u0645\u064a\u0639 \u0623\u0646\u062d\u0627\u0621 \u0627\u0644\u0639\u0627\u0644\u0645 \u0644\u0644\u0637\u0644\u0628\u0627\u062a \u0627\u0644\u062a\u064a \u062a\u0632\u064a\u062f \u0642\u064a\u0645\u062a\u0647\u0627 \u0639\u0646 250$<\/p>","protected":false},"featured_media":7503,"comment_status":"open","ping_status":"closed","template":"","meta":{"googlesitekit_rrm_CAow1p3FDA:productID":"","jetpack_publicize_message":"","jetpack_publicize_feature_enabled":true,"jetpack_social_post_already_shared":false,"jetpack_social_options":{"image_generator_settings":{"template":"highway","default_image_id":0,"font":"","enabled":false},"version":2}},"product_brand":[],"product_cat":[83],"product_tag":[],"class_list":{"0":"post-7323","1":"product","2":"type-product","3":"status-publish","4":"has-post-thumbnail","6":"product_cat-babouches-et-sandales","8":"first","9":"instock","10":"shipping-taxable","11":"purchasable","12":"product-type-variable","13":"has-default-attributes"},"jetpack_publicize_connections":[],"jetpack_sharing_enabled":true,"_links":{"self":[{"href":"https:\/\/auctionafrique.co.uk\/ar\/wp-json\/wp\/v2\/product\/7323","targetHints":{"allow":["GET"]}}],"collection":[{"href":"https:\/\/auctionafrique.co.uk\/ar\/wp-json\/wp\/v2\/product"}],"about":[{"href":"https:\/\/auctionafrique.co.uk\/ar\/wp-json\/wp\/v2\/types\/product"}],"replies":[{"embeddable":true,"href":"https:\/\/auctionafrique.co.uk\/ar\/wp-json\/wp\/v2\/comments?post=7323"}],"version-history":[{"count":0,"href":"https:\/\/auctionafrique.co.uk\/ar\/wp-json\/wp\/v2\/product\/7323\/revisions"}],"wp:featuredmedia":[{"embeddable":true,"href":"https:\/\/auctionafrique.co.uk\/ar\/wp-json\/wp\/v2\/media\/7503"}],"wp:attachment":[{"href":"https:\/\/auctionafrique.co.uk\/ar\/wp-json\/wp\/v2\/media?parent=7323"}],"wp:term":[{"taxonomy":"product_brand","embeddable":true,"href":"https:\/\/auctionafrique.co.uk\/ar\/wp-json\/wp\/v2\/product_brand?post=7323"},{"taxonomy":"product_cat","embeddable":true,"href":"https:\/\/auctionafrique.co.uk\/ar\/wp-json\/wp\/v2\/product_cat?post=7323"},{"taxonomy":"product_tag","embeddable":true,"href":"https:\/\/auctionafrique.co.uk\/ar\/wp-json\/wp\/v2\/product_tag?post=7323"}],"curies":[{"name":"wp","href":"https:\/\/api.w.org\/{rel}","templated":true}]}}