{"id":7189,"date":"2023-03-28T12:33:37","date_gmt":"2023-03-28T12:33:37","guid":{"rendered":"https:\/\/auctionafrique.co.uk\/?post_type=product&#038;p=7189"},"modified":"2023-04-04T16:58:50","modified_gmt":"2023-04-04T16:58:50","slug":"lampe-25-collection-2023","status":"publish","type":"product","link":"https:\/\/auctionafrique.co.uk\/ar\/product\/lampe-25-collection-2023\/","title":{"rendered":"Lampe 25 collection 2023"},"content":{"rendered":"<p style=\"font-weight: 400;\"><b>L&rsquo;Artisanat Marocain \u00e9tant une source infinie d&rsquo;id\u00e9es pour la D\u00e9coration Int\u00e9rieure.<\/b><\/p>\n<p style=\"font-weight: 400;\"><b>D\u00e9couvrez notre s\u00e9lection de\u00a0<\/b><b>suspensions luminaires afin d&rsquo;offrir un style contemporain et moderne \u00e0 votre int\u00e9rieur.<\/b><\/p>\n<p style=\"font-weight: 400;\"><b>Nos produits sont fabriqu\u00e9s \u00e0 la main au Maroc par des ma\u00eetres artisans Marocains<\/b><\/p>\n<p style=\"font-weight: 400;\"><b>Caract\u00e9ristique du produit<\/b><\/p>\n<p style=\"font-weight: 400;\">Styles\u00a0: Classique<\/p>\n<p style=\"font-weight: 400;\">Hauteur 35 CM<\/p>\n<p style=\"font-weight: 400;\">Largeur 18 CM<\/p>\n<p style=\"font-weight: 400;\">Profondeur 9CM<\/p>\n<p style=\"font-weight: 400;\">M\u00e9tal Cuivre<\/p>\n<p style=\"font-weight: 400;\">Verre Verre Sabl\u00e9<\/p>","protected":false},"excerpt":{"rendered":"<p>L&rsquo;Artisanat Marocain \u00e9tant une source infinie d&rsquo;id\u00e9es pour la D\u00e9coration Int\u00e9rieure. D\u00e9couvrez notre s\u00e9lection de\u00a0suspensions luminaires afin d&rsquo;offrir un style<\/p>","protected":false},"featured_media":8138,"comment_status":"open","ping_status":"closed","template":"","meta":{"googlesitekit_rrm_CAow1p3FDA:productID":"","jetpack_publicize_message":"","jetpack_publicize_feature_enabled":true,"jetpack_social_post_already_shared":false,"jetpack_social_options":{"image_generator_settings":{"template":"highway","default_image_id":0,"font":"","enabled":false},"version":2}},"product_brand":[],"product_cat":[75],"product_tag":[],"class_list":{"0":"post-7189","1":"product","2":"type-product","3":"status-publish","4":"has-post-thumbnail","6":"product_cat-decoration","8":"first","9":"instock","10":"shipping-taxable","11":"purchasable","12":"product-type-simple"},"jetpack_publicize_connections":[],"jetpack_sharing_enabled":true,"_links":{"self":[{"href":"https:\/\/auctionafrique.co.uk\/ar\/wp-json\/wp\/v2\/product\/7189","targetHints":{"allow":["GET"]}}],"collection":[{"href":"https:\/\/auctionafrique.co.uk\/ar\/wp-json\/wp\/v2\/product"}],"about":[{"href":"https:\/\/auctionafrique.co.uk\/ar\/wp-json\/wp\/v2\/types\/product"}],"replies":[{"embeddable":true,"href":"https:\/\/auctionafrique.co.uk\/ar\/wp-json\/wp\/v2\/comments?post=7189"}],"version-history":[{"count":0,"href":"https:\/\/auctionafrique.co.uk\/ar\/wp-json\/wp\/v2\/product\/7189\/revisions"}],"wp:featuredmedia":[{"embeddable":true,"href":"https:\/\/auctionafrique.co.uk\/ar\/wp-json\/wp\/v2\/media\/8138"}],"wp:attachment":[{"href":"https:\/\/auctionafrique.co.uk\/ar\/wp-json\/wp\/v2\/media?parent=7189"}],"wp:term":[{"taxonomy":"product_brand","embeddable":true,"href":"https:\/\/auctionafrique.co.uk\/ar\/wp-json\/wp\/v2\/product_brand?post=7189"},{"taxonomy":"product_cat","embeddable":true,"href":"https:\/\/auctionafrique.co.uk\/ar\/wp-json\/wp\/v2\/product_cat?post=7189"},{"taxonomy":"product_tag","embeddable":true,"href":"https:\/\/auctionafrique.co.uk\/ar\/wp-json\/wp\/v2\/product_tag?post=7189"}],"curies":[{"name":"wp","href":"https:\/\/api.w.org\/{rel}","templated":true}]}}