{"id":7064,"date":"2023-03-28T02:29:24","date_gmt":"2023-03-28T02:29:24","guid":{"rendered":"https:\/\/auctionafrique.co.uk\/?post_type=product&#038;p=7064"},"modified":"2023-04-04T23:55:45","modified_gmt":"2023-04-04T23:55:45","slug":"babouches-tendance","status":"publish","type":"product","link":"https:\/\/auctionafrique.co.uk\/ar\/product\/babouches-tendance\/","title":{"rendered":"\u0634\u0628\u0627\u0634\u0628 \u0639\u0635\u0631\u064a\u0629"},"content":{"rendered":"<p>Les babouches berb\u00e8res sont des pantoufles marocaines traditionnelles fabriqu\u00e9es \u00e0 la main par des artisans qualifi\u00e9s. Ils sont fabriqu\u00e9s \u00e0 partir de cuir souple ou de su\u00e8de et sont disponibles dans une vari\u00e9t\u00e9 de couleurs et de motifs. Le cuir est souvent teint avec des mati\u00e8res naturelles comme le henn\u00e9 ou l&rsquo;indigo, leur donnant un aspect unique et authentique.<\/p>","protected":false},"excerpt":{"rendered":"<p>Les babouches berb\u00e8res sont des pantoufles marocaines traditionnelles fabriqu\u00e9es \u00e0 la main par des artisans qualifi\u00e9s. Ils sont fabriqu\u00e9s \u00e0<\/p>","protected":false},"featured_media":8175,"comment_status":"open","ping_status":"closed","template":"","meta":{"googlesitekit_rrm_CAow1p3FDA:productID":"","jetpack_publicize_message":"","jetpack_publicize_feature_enabled":true,"jetpack_social_post_already_shared":false,"jetpack_social_options":{"image_generator_settings":{"template":"highway","default_image_id":0,"font":"","enabled":false},"version":2}},"product_brand":[],"product_cat":[83],"product_tag":[],"class_list":{"0":"post-7064","1":"product","2":"type-product","3":"status-publish","4":"has-post-thumbnail","6":"product_cat-babouches-et-sandales","8":"first","9":"outofstock","10":"shipping-taxable","11":"purchasable","12":"product-type-variable"},"jetpack_publicize_connections":[],"jetpack_sharing_enabled":true,"_links":{"self":[{"href":"https:\/\/auctionafrique.co.uk\/ar\/wp-json\/wp\/v2\/product\/7064","targetHints":{"allow":["GET"]}}],"collection":[{"href":"https:\/\/auctionafrique.co.uk\/ar\/wp-json\/wp\/v2\/product"}],"about":[{"href":"https:\/\/auctionafrique.co.uk\/ar\/wp-json\/wp\/v2\/types\/product"}],"replies":[{"embeddable":true,"href":"https:\/\/auctionafrique.co.uk\/ar\/wp-json\/wp\/v2\/comments?post=7064"}],"version-history":[{"count":0,"href":"https:\/\/auctionafrique.co.uk\/ar\/wp-json\/wp\/v2\/product\/7064\/revisions"}],"wp:featuredmedia":[{"embeddable":true,"href":"https:\/\/auctionafrique.co.uk\/ar\/wp-json\/wp\/v2\/media\/8175"}],"wp:attachment":[{"href":"https:\/\/auctionafrique.co.uk\/ar\/wp-json\/wp\/v2\/media?parent=7064"}],"wp:term":[{"taxonomy":"product_brand","embeddable":true,"href":"https:\/\/auctionafrique.co.uk\/ar\/wp-json\/wp\/v2\/product_brand?post=7064"},{"taxonomy":"product_cat","embeddable":true,"href":"https:\/\/auctionafrique.co.uk\/ar\/wp-json\/wp\/v2\/product_cat?post=7064"},{"taxonomy":"product_tag","embeddable":true,"href":"https:\/\/auctionafrique.co.uk\/ar\/wp-json\/wp\/v2\/product_tag?post=7064"}],"curies":[{"name":"wp","href":"https:\/\/api.w.org\/{rel}","templated":true}]}}