{"id":7824,"date":"2023-04-01T21:59:10","date_gmt":"2023-04-01T21:59:10","guid":{"rendered":"https:\/\/auctionafrique.co.uk\/?page_id=7824"},"modified":"2023-04-01T21:59:13","modified_gmt":"2023-04-01T21:59:13","slug":"livraison","status":"publish","type":"page","link":"https:\/\/auctionafrique.co.uk\/ar\/livraison\/","title":{"rendered":"Livraison"},"content":{"rendered":"<p><br>Jihatona.com vous offre un large choix de modes de livraison, garantis dans les meilleurs d\u00e9lais, et avec une tr\u00e8s haute exigence tant en mati\u00e8re de qualit\u00e9, de mise \u00e0 disposition et de conditionnement de votre commande.<\/p>\n\n\n\n<p>D\u00e9lais d&rsquo;exp\u00e9dition<\/p>\n\n\n\n<p>Jihatona.com s&rsquo;engage \u00e0 exp\u00e9dier votre colis dans les 48 heures qui suivent la validation de votre paiement.<\/p>\n\n\n\n<p>Frais de transport<br>Jihatona.com vous garantira un tarif tr\u00e8s comp\u00e9titif qui a \u00e9t\u00e9 n\u00e9goci\u00e9 avec le transporteur.<\/p>\n\n\n\n<p>Les frais de transport varient selon le pays de destination, le poids volum\u00e9trique de l&rsquo;article command\u00e9 et les tarifs du transporteur. Les tarifs de transport sont \u00e0 la charge du client et s\u2019entendent :<\/p>\n\n\n\n<p>La livraison se fait en envoi recommand\u00e9 au Maroc et \u00e0 l&rsquo;\u00e9tranger,<br>les tarifs de transport, au Maroc et \u00e0 l&rsquo;\u00e9tranger, s&rsquo;entendent Toute Taxes Comprises(TTC).<br>Le co\u00fbt du transport de votre livraison est indiqu\u00e9 sur votre facture.<br>Emballage<br>En vue d\u2019assurer une s\u00e9curit\u00e9 optimale lors de l&rsquo;exp\u00e9dition de votre colis, Jihatona.com choisit avec soin l&#8217;emballage ad\u00e9quat pour chaque produit selon son type et son niveau de fragilit\u00e9.<\/p>\n\n\n\n<p>D\u00e9lais de livraison<\/p>\n\n\n\n<p>Le d\u00e9lai de livraison varie selon le pays de destination et peut aller de 48 heures \u00e0 5 jours ouvrables apr\u00e8s l&rsquo;exp\u00e9dition.<\/p>\n\n\n\n<p>La livraison sera assur\u00e9e par Jihatona.com via le transporteur choisi et \u00e0 l\u2019adresse de livraison indiqu\u00e9e sur le bon de commande.<\/p>\n\n\n\n<p>Le client peut, \u00e0 sa demande, obtenir l\u2019envoi d\u2019une facture \u00e0 l\u2019adresse de livraison en mentionnant la demande lors de la commande dans le cadre pr\u00e9vu \u00e0 cet effet.<\/p>\n\n\n\n<p>Lors de votre inscription sur le site Jihatona.com , veuillez donc vous assurer que vous avez bien enregistr\u00e9 un num\u00e9ro de t\u00e9l\u00e9phone valide. Ce num\u00e9ro nous permettra d&rsquo;assurer un meilleur suivi de votre colis, et de vous renseigner sur l&rsquo;\u00e9tat d&rsquo;avancement de votre commande. Veuillez \u00e9galement renseigner une adresse et un destinataire qui sera disponible, pour la signature et la r\u00e9ception du colis.<\/p>\n\n\n\n<p>Pour plus d&rsquo;informations veuillez nous contacter en cliquant ici, ou en vous dirigeant sur la page \u00ab\u00a0Contactez-Nous\u00a0\u00bb.<\/p>","protected":false},"excerpt":{"rendered":"<p>Jihatona.com vous offre un large choix de modes de livraison, garantis dans les meilleurs d\u00e9lais, et avec une tr\u00e8s haute<\/p>","protected":false},"author":31,"featured_media":0,"parent":0,"menu_order":0,"comment_status":"closed","ping_status":"closed","template":"","meta":{"googlesitekit_rrm_CAow1p3FDA:productID":"","footnotes":""},"class_list":["post-7824","page","type-page","status-publish","hentry"],"jetpack_sharing_enabled":true,"_links":{"self":[{"href":"https:\/\/auctionafrique.co.uk\/ar\/wp-json\/wp\/v2\/pages\/7824","targetHints":{"allow":["GET"]}}],"collection":[{"href":"https:\/\/auctionafrique.co.uk\/ar\/wp-json\/wp\/v2\/pages"}],"about":[{"href":"https:\/\/auctionafrique.co.uk\/ar\/wp-json\/wp\/v2\/types\/page"}],"author":[{"embeddable":true,"href":"https:\/\/auctionafrique.co.uk\/ar\/wp-json\/wp\/v2\/users\/31"}],"replies":[{"embeddable":true,"href":"https:\/\/auctionafrique.co.uk\/ar\/wp-json\/wp\/v2\/comments?post=7824"}],"version-history":[{"count":1,"href":"https:\/\/auctionafrique.co.uk\/ar\/wp-json\/wp\/v2\/pages\/7824\/revisions"}],"predecessor-version":[{"id":7827,"href":"https:\/\/auctionafrique.co.uk\/ar\/wp-json\/wp\/v2\/pages\/7824\/revisions\/7827"}],"wp:attachment":[{"href":"https:\/\/auctionafrique.co.uk\/ar\/wp-json\/wp\/v2\/media?parent=7824"}],"curies":[{"name":"wp","href":"https:\/\/api.w.org\/{rel}","templated":true}]}}